{"id":1975,"date":"2017-04-08T17:02:57","date_gmt":"2017-04-08T17:02:57","guid":{"rendered":"http:\/\/test.karmapa-education.org\/?page_id=1975"},"modified":"2024-05-31T09:54:19","modified_gmt":"2024-05-31T09:54:19","slug":"three-phases","status":"publish","type":"page","link":"https:\/\/karmapa-education.org\/de\/vision\/three-phases\/","title":{"rendered":"Unsere <br>Vision"},"content":{"rendered":"<h1>Das neue KCE Magazin hier als PDF<\/h1>\n<p style=\"text-align: center;\"><a href=\"https:\/\/karmapa-education.org\/wp-content\/uploads\/KCE-Magazine-2023_WEB.pdf\" target=\"_blank\" rel=\"noopener\"><img loading=\"lazy\" decoding=\"async\" class=\"alignnone size-full wp-image-15962\" style=\"margin-bottom: -25px !important;\" src=\"https:\/\/karmapa-education.org\/wp-content\/uploads\/magazin.jpg\" alt=\"\" width=\"646\" height=\"293\" srcset=\"https:\/\/karmapa-education.org\/wp-content\/uploads\/magazin.jpg 646w, https:\/\/karmapa-education.org\/wp-content\/uploads\/magazin-600x272.jpg 600w, https:\/\/karmapa-education.org\/wp-content\/uploads\/magazin-533x242.jpg 533w\" sizes=\"auto, (max-width: 646px) 100vw, 646px\" \/><br \/>\nKCE Magazine 2023_WEB.pdf (13,5 mb)<\/a><\/p>\n<p>&nbsp;<\/p>\n<h1>Stufenweise Umsetzung der Vision<\/h1>\n<p>Das Gesamtkonzept des KCE ist darauf ausgerichtet, die Buddhistische Lehre f\u00fcr diese und zuk\u00fcnftige Generationen zu bewahren. Der Nutzen daraus ist unermesslich, da die Ausbildung jungen Menschen helfen wird, sich mit ihren inneren Qualit\u00e4ten zu verbinden und sie mutig zu entfalten.<\/p>\n<p>Die Umsetzung des Gesamtkonzepts erfolgt in drei Stufen<\/p>\n<ul>\n<li>Bau einer Grundschule f\u00fcr Jungen und M\u00e4dchen<\/li>\n<li>Bau einer weiterf\u00fchrenden Schule &#8211; Sekundarstufe<\/li>\n<li>Aufbau eines Instituts f\u00fcr Kunst und Wissenschaft &#8211; K\u00fcnstlerdorf<\/li>\n<\/ul>\n<p>Zu Konzept und Vision des KCE, geh\u00f6rt die Verbindung von Tradition und Moderne. Dies spiegelt sich auch in seiner Architektur wider &#8211; einem Zusammenspiel aus farbenfrohen, tibetischer Baukunst und hellen, schlichten Elementen.<\/p>\n<p><img loading=\"lazy\" decoding=\"async\" class=\"alignnone wp-image-4314\" src=\"https:\/\/karmapa-education.org\/wp-content\/uploads\/1-KCE_Vue_terrasse-600x271.jpg\" alt=\"\" width=\"921\" height=\"416\" srcset=\"https:\/\/karmapa-education.org\/wp-content\/uploads\/1-KCE_Vue_terrasse-600x271.jpg 600w, https:\/\/karmapa-education.org\/wp-content\/uploads\/1-KCE_Vue_terrasse-768x347.jpg 768w, https:\/\/karmapa-education.org\/wp-content\/uploads\/1-KCE_Vue_terrasse-1024x462.jpg 1024w, https:\/\/karmapa-education.org\/wp-content\/uploads\/1-KCE_Vue_terrasse-533x241.jpg 533w, https:\/\/karmapa-education.org\/wp-content\/uploads\/1-KCE_Vue_terrasse.jpg 1920w\" sizes=\"auto, (max-width: 921px) 100vw, 921px\" \/><\/p>\n<p>&nbsp;<\/p>\n<h2>Die erste Stufe<\/h2>\n<p>Das Grundst\u00fcck, auf dem die Internatsschule f\u00fcr Kinder bis ca. 12 Jahren entsteht, erstreckt sich \u00fcber vier Hektar und bietet reichlich Platz f\u00fcr Geb\u00e4ude, Spiel- und Sportpl\u00e4tze sowie naturbelassene Fl\u00e4chen mit vielen B\u00e4umen.<\/p>\n<p>Nach Fertigstellung der ersten drei H\u00e4user, hat der Unterricht hier bereits im November 2017 begonnen. Gleichzeitig wird auf dem Grundst\u00fcck momentan ein weiterer Geb\u00e4udekomplex realisiert, der u.a. einen buddhistischen Tempel und eine zentrale Hofanlage umfasst.<strong> <a href=\"https:\/\/karmapa-education.org\/de\/about-kce\/facilities\/\">(Siehe Architektur)<\/a><\/strong><\/p>\n<h2><img loading=\"lazy\" decoding=\"async\" class=\"alignnone wp-image-4731\" src=\"https:\/\/karmapa-education.org\/wp-content\/uploads\/1-KCEnov18Full-47-600x400.jpg\" alt=\"\" width=\"953\" height=\"635\" srcset=\"https:\/\/karmapa-education.org\/wp-content\/uploads\/1-KCEnov18Full-47-600x400.jpg 600w, https:\/\/karmapa-education.org\/wp-content\/uploads\/1-KCEnov18Full-47-768x512.jpg 768w, https:\/\/karmapa-education.org\/wp-content\/uploads\/1-KCEnov18Full-47-1024x683.jpg 1024w, https:\/\/karmapa-education.org\/wp-content\/uploads\/1-KCEnov18Full-47-533x355.jpg 533w, https:\/\/karmapa-education.org\/wp-content\/uploads\/1-KCEnov18Full-47.jpg 1920w\" sizes=\"auto, (max-width: 953px) 100vw, 953px\" \/><\/h2>\n<h2><\/h2>\n<h2>Die zweite Stufe\u00a0\u2013 Sekundarausbildung<\/h2>\n<p>Nach Abschluss der Grundschulausbildung wechseln die Sch\u00fcler\/innen in die weiterf\u00fchrende Schule des Karmapa Center of Education, von der siebten Klasse bis einschlie\u00dflich der 12. Klasse. Mit dem Schulabschluss k\u00f6nnen diejenigen Sch\u00fcler, die sich daf\u00fcr qualifiziert haben, ihr Studium an einer Universit\u00e4t oder College weiterf\u00fchren.<\/p>\n<h2>Die letzte Etappe \u2013 Das K\u00fcnstlerdorf<\/h2>\n<h3>Altes Wissen bewahren und neu beleben<\/h3>\n<p>In Indien und Tibet wurden traditionell zehn Hauptgebiete menschlicher Erkenntnisunterschieden, die in f\u00fcnf Kategorien zusammengefasst werden k\u00f6nnen:<\/p>\n<ul>\n<li>Logik und Erkenntnistheorie: \u00dcben des klaren, logischen Denkens, Kl\u00e4rung von Zweifeln. Verst\u00e4ndnis der Zusammenh\u00e4nge zwischen dem Geistigen und dem Materiellen.<\/li>\n<li>Heilkunde: F\u00f6rderung des Wohlbefindens. Verst\u00e4ndnis von den Zusammenh\u00e4ngen zwischen K\u00f6rper und Geist.<\/li>\n<li>Sprache: Poesie und Prosa. Verst\u00e4ndnis der Zusammenh\u00e4nge zwischen Mathematik, Rhythmus und Klang.<\/li>\n<li>K\u00fcnste: Erstellung von Thangkas und Statuen, Instrumentenbau, Tanz und, Schauspiel, Architektur. Verst\u00e4ndnis der Zusammenh\u00e4nge zwischen Kunst und Dharma, dem Befreienden.<\/li>\n<li>Geisteskunde: Innere Balance und Meditation, Astrologie. Verst\u00e4ndnis der Zusammenh\u00e4nge zwischen innerem und \u00e4u\u00dferem Raum.<\/li>\n<\/ul>\n<p><img loading=\"lazy\" decoding=\"async\" class=\"alignnone wp-image-2543\" src=\"https:\/\/karmapa-education.org\/wp-content\/uploads\/mandala-hand-600x209.jpg\" alt=\"\" width=\"919\" height=\"320\" srcset=\"https:\/\/karmapa-education.org\/wp-content\/uploads\/mandala-hand-600x209.jpg 600w, https:\/\/karmapa-education.org\/wp-content\/uploads\/mandala-hand-768x267.jpg 768w, https:\/\/karmapa-education.org\/wp-content\/uploads\/mandala-hand-533x185.jpg 533w, https:\/\/karmapa-education.org\/wp-content\/uploads\/mandala-hand.jpg 837w\" sizes=\"auto, (max-width: 919px) 100vw, 919px\" \/><\/p>\n<p>&nbsp;<\/p>\n<blockquote><p>Ermutigt junge Menschen, wenn ihr in ihnen den \u201aFunken&#8216; seht, dass sie mehr dar\u00fcber erfahren m\u00f6chten, was es bedeutet, den Luxus von Zeit zu haben, um \u00fcber die Praxis von Mitgef\u00fchl und Weisheit zu reflektieren.<\/p>\n<p><strong>Thaye Dorje, der 17. Gyalwa Karmapa<\/strong><\/p><\/blockquote>\n<p>&nbsp;<\/p>\n<p>Karmapa m\u00f6chte besonders das \u00fcberlieferte Wissen der Karma Kagy\u00fc Tradition in den Bereichen der Bildenden K\u00fcnste, der Heilkunde, der Architektur und der Astrologie in das KCE-Programm einbinden.<\/p>\n<p>Das Institut l\u00e4dt daher K\u00fcnstler, Kunsthandwerker und Wissenschaftler aus aller Welt ein, sich unter der Anleitung von Meistern in den traditionellen K\u00fcnsten zu \u00fcben und \u00fcberliefertes Wissen zu studieren. Unter Mithilfe ihrer talentierten Lehrlinge werden hierf\u00fcr verschiedene Workshops angeboten, die externen Teilnehmer als auch den KCE-Studenten offenstehen.<\/p>\n<p>Die Anlage des Instituts ist einem Dorf nachempfunden. Im Mittelpunkt steht das Hauptgeb\u00e4ude mit einer Vielzahl von Ateliers und Klassenr\u00e4umen sowie einer gro\u00dfen Bibliothek. Drumherum entsteht eine Ansammlung von kleineren H\u00e4usern, die einer Kommune von Kunsthandwerkern, K\u00fcnstlern und Gelehrten Wohnraum bieten. Die Institutsanlage wird deshalb verk\u00fcrzt auch als \u201eDas K\u00fcnstlerdorf\u201c bezeichnet.<\/p>\n<p>&nbsp;<\/p>\n","protected":false},"excerpt":{"rendered":"<p>Das neue KCE Magazin hier als PDF KCE Magazine 2023_WEB.pdf (13,5 mb) &nbsp; Stufenweise Umsetzung der Vision Das Gesamtkonzept des KCE ist darauf ausgerichtet, die Buddhistische Lehre f\u00fcr diese und zuk\u00fcnftige Generationen zu bewahren. Der Nutzen daraus ist unermesslich, da die Ausbildung jungen Menschen helfen wird, sich mit ihren inneren Qualit\u00e4ten zu verbinden und sie mutig zu entfalten. Die Umsetzung des Gesamtkonzepts erfolgt in drei Stufen Bau einer Grundschule f\u00fcr Jungen und M\u00e4dchen Bau einer weiterf\u00fchrenden Schule &#8211; Sekundarstufe Aufbau eines Instituts f\u00fcr Kunst und Wissenschaft &#8211; K\u00fcnstlerdorf Zu Konzept und Vision des KCE, geh\u00f6rt die Verbindung von Tradition und Moderne. Dies spiegelt sich auch in seiner Architektur wider &#8211; einem Zusammenspiel aus farbenfrohen, tibetischer Baukunst und hellen, schlichten Elementen. &nbsp; Die erste Stufe Das Grundst\u00fcck, auf dem die Internatsschule f\u00fcr Kinder bis ca. 12 Jahren entsteht, erstreckt sich \u00fcber vier Hektar und bietet reichlich Platz f\u00fcr Geb\u00e4ude, Spiel- und Sportpl\u00e4tze sowie naturbelassene Fl\u00e4chen mit vielen B\u00e4umen. Nach Fertigstellung der ersten drei H\u00e4user, hat der Unterricht hier bereits im November 2017 begonnen. Gleichzeitig wird auf dem Grundst\u00fcck momentan ein weiterer Geb\u00e4udekomplex realisiert, der u.a. einen buddhistischen Tempel und eine zentrale Hofanlage umfasst. (Siehe Architektur) Die zweite Stufe\u00a0\u2013 Sekundarausbildung Nach Abschluss der Grundschulausbildung wechseln die Sch\u00fcler\/innen in die weiterf\u00fchrende Schule des Karmapa Center of Education, von der siebten Klasse bis einschlie\u00dflich der 12. Klasse. Mit dem Schulabschluss k\u00f6nnen diejenigen Sch\u00fcler, die sich daf\u00fcr qualifiziert haben, ihr Studium an einer Universit\u00e4t oder College weiterf\u00fchren. Die letzte Etappe \u2013 Das K\u00fcnstlerdorf Altes Wissen bewahren und neu beleben In Indien und Tibet wurden traditionell zehn Hauptgebiete menschlicher Erkenntnisunterschieden, die in f\u00fcnf Kategorien zusammengefasst werden k\u00f6nnen: Logik und Erkenntnistheorie: \u00dcben des klaren, logischen Denkens, Kl\u00e4rung von Zweifeln. Verst\u00e4ndnis der Zusammenh\u00e4nge zwischen dem Geistigen und dem Materiellen. Heilkunde: F\u00f6rderung des Wohlbefindens. Verst\u00e4ndnis von den Zusammenh\u00e4ngen zwischen K\u00f6rper und Geist. Sprache: Poesie und Prosa. Verst\u00e4ndnis der Zusammenh\u00e4nge zwischen Mathematik, Rhythmus und Klang. K\u00fcnste: Erstellung von Thangkas und Statuen, Instrumentenbau, Tanz und, Schauspiel, Architektur. Verst\u00e4ndnis der Zusammenh\u00e4nge zwischen Kunst und Dharma, dem Befreienden. Geisteskunde: Innere Balance und Meditation, Astrologie. Verst\u00e4ndnis der Zusammenh\u00e4nge zwischen innerem und \u00e4u\u00dferem Raum. &nbsp; Ermutigt junge Menschen, wenn ihr in ihnen den \u201aFunken&#8216; seht, dass sie mehr dar\u00fcber erfahren m\u00f6chten, was es bedeutet, den Luxus von Zeit zu haben, um \u00fcber die Praxis von Mitgef\u00fchl und Weisheit zu reflektieren. Thaye Dorje, der 17. Gyalwa Karmapa &nbsp; Karmapa m\u00f6chte besonders das \u00fcberlieferte Wissen der Karma Kagy\u00fc Tradition in den Bereichen der Bildenden K\u00fcnste, der Heilkunde, der Architektur und der Astrologie in das KCE-Programm einbinden. Das Institut l\u00e4dt daher K\u00fcnstler, Kunsthandwerker und Wissenschaftler aus aller Welt ein, sich unter der Anleitung von Meistern in den traditionellen K\u00fcnsten zu \u00fcben und \u00fcberliefertes Wissen zu studieren. Unter Mithilfe ihrer talentierten Lehrlinge werden hierf\u00fcr verschiedene Workshops angeboten, die externen Teilnehmer als auch den KCE-Studenten offenstehen. Die Anlage des Instituts ist einem Dorf nachempfunden. Im Mittelpunkt steht das Hauptgeb\u00e4ude mit einer Vielzahl von Ateliers und Klassenr\u00e4umen sowie einer gro\u00dfen Bibliothek. Drumherum entsteht eine Ansammlung von kleineren H\u00e4usern, die einer Kommune<\/p>\n","protected":false},"author":2,"featured_media":0,"parent":396,"menu_order":1,"comment_status":"closed","ping_status":"closed","template":"","meta":{"_acf_changed":false,"footnotes":""},"class_list":["post-1975","page","type-page","status-publish","hentry"],"translation":{"provider":"WPGlobus","version":"3.0.2","language":"de","enabled_languages":["en","de"],"languages":{"en":{"title":true,"content":true,"excerpt":false},"de":{"title":true,"content":true,"excerpt":false}}},"acf":[],"yoast_head":"<!-- This site is optimized with the Yoast SEO plugin v27.3 - https:\/\/yoast.com\/product\/yoast-seo-wordpress\/ -->\n<title>Unsere Vision - English<\/title>\n<meta name=\"robots\" content=\"index, follow, max-snippet:-1, max-image-preview:large, max-video-preview:-1\" \/>\n<link rel=\"canonical\" href=\"https:\/\/karmapa-education.org\/vision\/three-phases\/\" \/>\n<meta property=\"og:locale\" content=\"de_DE\" \/>\n<meta property=\"og:type\" content=\"article\" \/>\n<meta property=\"og:title\" content=\"Unsere Vision - English\" \/>\n<meta property=\"og:url\" content=\"https:\/\/karmapa-education.org\/vision\/three-phases\/\" \/>\n<meta property=\"og:site_name\" content=\"English\" \/>\n<meta property=\"article:modified_time\" content=\"2024-05-31T09:54:19+00:00\" \/>\n<meta property=\"og:image\" content=\"https:\/\/karmapa-education.org\/wp-content\/uploads\/magazin.jpg\" \/>\n<meta name=\"twitter:card\" content=\"summary_large_image\" \/>\n<meta name=\"twitter:label1\" content=\"Gesch\u00e4tzte Lesezeit\" \/>\n\t<meta name=\"twitter:data1\" content=\"3\u00a0Minuten\" \/>\n<script type=\"application\/ld+json\" class=\"yoast-schema-graph\">{\"@context\":\"https:\\\/\\\/schema.org\",\"@graph\":[{\"@type\":\"WebPage\",\"@id\":\"https:\\\/\\\/karmapa-education.org\\\/vision\\\/three-phases\\\/\",\"url\":\"https:\\\/\\\/karmapa-education.org\\\/vision\\\/three-phases\\\/\",\"name\":\"Unsere Vision - English\",\"isPartOf\":{\"@id\":\"https:\\\/\\\/karmapa-education.org\\\/#website\"},\"primaryImageOfPage\":{\"@id\":\"https:\\\/\\\/karmapa-education.org\\\/vision\\\/three-phases\\\/#primaryimage\"},\"image\":{\"@id\":\"https:\\\/\\\/karmapa-education.org\\\/vision\\\/three-phases\\\/#primaryimage\"},\"thumbnailUrl\":\"https:\\\/\\\/karmapa-education.org\\\/wp-content\\\/uploads\\\/magazin.jpg\",\"datePublished\":\"2017-04-08T17:02:57+00:00\",\"dateModified\":\"2024-05-31T09:54:19+00:00\",\"breadcrumb\":{\"@id\":\"https:\\\/\\\/karmapa-education.org\\\/vision\\\/three-phases\\\/#breadcrumb\"},\"inLanguage\":\"de\",\"potentialAction\":[{\"@type\":\"ReadAction\",\"target\":[\"https:\\\/\\\/karmapa-education.org\\\/vision\\\/three-phases\\\/\"]}]},{\"@type\":\"ImageObject\",\"inLanguage\":\"de\",\"@id\":\"https:\\\/\\\/karmapa-education.org\\\/vision\\\/three-phases\\\/#primaryimage\",\"url\":\"https:\\\/\\\/karmapa-education.org\\\/wp-content\\\/uploads\\\/magazin.jpg\",\"contentUrl\":\"https:\\\/\\\/karmapa-education.org\\\/wp-content\\\/uploads\\\/magazin.jpg\"},{\"@type\":\"BreadcrumbList\",\"@id\":\"https:\\\/\\\/karmapa-education.org\\\/vision\\\/three-phases\\\/#breadcrumb\",\"itemListElement\":[{\"@type\":\"ListItem\",\"position\":1,\"name\":\"Startseite\",\"item\":\"https:\\\/\\\/karmapa-education.org\\\/\"},{\"@type\":\"ListItem\",\"position\":2,\"name\":\"Vision\",\"item\":\"https:\\\/\\\/karmapa-education.org\\\/vision\\\/\"},{\"@type\":\"ListItem\",\"position\":3,\"name\":\"Our Vision\"}]},{\"@type\":\"WebSite\",\"@id\":\"https:\\\/\\\/karmapa-education.org\\\/#website\",\"url\":\"https:\\\/\\\/karmapa-education.org\\\/\",\"name\":\"English\",\"description\":\"English\",\"potentialAction\":[{\"@type\":\"SearchAction\",\"target\":{\"@type\":\"EntryPoint\",\"urlTemplate\":\"https:\\\/\\\/karmapa-education.org\\\/?s={search_term_string}\"},\"query-input\":{\"@type\":\"PropertyValueSpecification\",\"valueRequired\":true,\"valueName\":\"search_term_string\"}}],\"inLanguage\":\"de\"}]}<\/script>\n<!-- \/ Yoast SEO plugin. -->","yoast_head_json":{"title":"Unsere Vision - English","robots":{"index":"index","follow":"follow","max-snippet":"max-snippet:-1","max-image-preview":"max-image-preview:large","max-video-preview":"max-video-preview:-1"},"canonical":"https:\/\/karmapa-education.org\/vision\/three-phases\/","og_locale":"de_DE","og_type":"article","og_title":"Unsere Vision - English","og_url":"https:\/\/karmapa-education.org\/vision\/three-phases\/","og_site_name":"English","article_modified_time":"2024-05-31T09:54:19+00:00","og_image":[{"url":"https:\/\/karmapa-education.org\/wp-content\/uploads\/magazin.jpg","type":"","width":"","height":""}],"twitter_card":"summary_large_image","twitter_misc":{"Gesch\u00e4tzte Lesezeit":"3\u00a0Minuten"},"schema":{"@context":"https:\/\/schema.org","@graph":[{"@type":"WebPage","@id":"https:\/\/karmapa-education.org\/vision\/three-phases\/","url":"https:\/\/karmapa-education.org\/vision\/three-phases\/","name":"Unsere Vision - English","isPartOf":{"@id":"https:\/\/karmapa-education.org\/#website"},"primaryImageOfPage":{"@id":"https:\/\/karmapa-education.org\/vision\/three-phases\/#primaryimage"},"image":{"@id":"https:\/\/karmapa-education.org\/vision\/three-phases\/#primaryimage"},"thumbnailUrl":"https:\/\/karmapa-education.org\/wp-content\/uploads\/magazin.jpg","datePublished":"2017-04-08T17:02:57+00:00","dateModified":"2024-05-31T09:54:19+00:00","breadcrumb":{"@id":"https:\/\/karmapa-education.org\/vision\/three-phases\/#breadcrumb"},"inLanguage":"de","potentialAction":[{"@type":"ReadAction","target":["https:\/\/karmapa-education.org\/vision\/three-phases\/"]}]},{"@type":"ImageObject","inLanguage":"de","@id":"https:\/\/karmapa-education.org\/vision\/three-phases\/#primaryimage","url":"https:\/\/karmapa-education.org\/wp-content\/uploads\/magazin.jpg","contentUrl":"https:\/\/karmapa-education.org\/wp-content\/uploads\/magazin.jpg"},{"@type":"BreadcrumbList","@id":"https:\/\/karmapa-education.org\/vision\/three-phases\/#breadcrumb","itemListElement":[{"@type":"ListItem","position":1,"name":"Startseite","item":"https:\/\/karmapa-education.org\/"},{"@type":"ListItem","position":2,"name":"Vision","item":"https:\/\/karmapa-education.org\/vision\/"},{"@type":"ListItem","position":3,"name":"Our Vision"}]},{"@type":"WebSite","@id":"https:\/\/karmapa-education.org\/#website","url":"https:\/\/karmapa-education.org\/","name":"English","description":"English","potentialAction":[{"@type":"SearchAction","target":{"@type":"EntryPoint","urlTemplate":"https:\/\/karmapa-education.org\/?s={search_term_string}"},"query-input":{"@type":"PropertyValueSpecification","valueRequired":true,"valueName":"search_term_string"}}],"inLanguage":"de"}]}},"_links":{"self":[{"href":"https:\/\/karmapa-education.org\/de\/wp-json\/wp\/v2\/pages\/1975","targetHints":{"allow":["GET"]}}],"collection":[{"href":"https:\/\/karmapa-education.org\/de\/wp-json\/wp\/v2\/pages"}],"about":[{"href":"https:\/\/karmapa-education.org\/de\/wp-json\/wp\/v2\/types\/page"}],"author":[{"embeddable":true,"href":"https:\/\/karmapa-education.org\/de\/wp-json\/wp\/v2\/users\/2"}],"replies":[{"embeddable":true,"href":"https:\/\/karmapa-education.org\/de\/wp-json\/wp\/v2\/comments?post=1975"}],"version-history":[{"count":125,"href":"https:\/\/karmapa-education.org\/de\/wp-json\/wp\/v2\/pages\/1975\/revisions"}],"predecessor-version":[{"id":15976,"href":"https:\/\/karmapa-education.org\/de\/wp-json\/wp\/v2\/pages\/1975\/revisions\/15976"}],"up":[{"embeddable":true,"href":"https:\/\/karmapa-education.org\/de\/wp-json\/wp\/v2\/pages\/396"}],"wp:attachment":[{"href":"https:\/\/karmapa-education.org\/de\/wp-json\/wp\/v2\/media?parent=1975"}],"curies":[{"name":"wp","href":"https:\/\/api.w.org\/{rel}","templated":true}]}}