{"id":3168,"date":"2018-09-07T12:29:03","date_gmt":"2018-09-07T12:29:03","guid":{"rendered":"http:\/\/test.karmapa-education.org\/?page_id=3168"},"modified":"2023-09-26T13:09:48","modified_gmt":"2023-09-26T13:09:48","slug":"guests","status":"publish","type":"page","link":"https:\/\/karmapa-education.org\/de\/jobs\/guests\/","title":{"rendered":""},"content":{"rendered":"<h2>Wir freuen uns \u00fcber euren Besuch<\/h2>\n<p>G\u00e4ste sind herzlich willkommen am KCE. Daf\u00fcr haben wir mehrere sch\u00f6ne G\u00e4stezimmer in verschiedenen Gr\u00f6\u00dfen und Ausstattungen eingerichtet. Ob ihr uns besuchen kommt, um zu praktizieren oder einfach nur, um sich in dieser sch\u00f6nen Umgebung inmitten der Berge zu entspannen.<\/p>\n<p>Ein Besuch bei uns l\u00e4dt dazu ein, Verbindungen zu unserem Team und unseren Sch\u00fclern aufzubauen und einen Einblick in das Leben eines buddhistischen Ausbildungszentrums im Himalaya zu erhalten.<\/p>\n<p>Unsere G\u00e4ste sind herzlich dazu eingeladen an unserem Tagesablauf teilzunehmen. Beispielsweise au\u00dferhalb der Schulzeit mit den Kindern basteln, spielen, Sport treiben oder Yoga und andere Aktivit\u00e4ten unternehmen. Wir sind immer offen f\u00fcr eure Talente und Erfahrungen, die ihr mit uns und unseren Kindern teilen m\u00f6chtet.<\/p>\n<p>G\u00e4ste k\u00f6nnen an den t\u00e4glichen Pujas im Tempel teilnehmen: Die Morgen Puja (Tara) und am Abend die Mahakala Praxis. Der Tempel ist auch f\u00fcr die pers\u00f6nliche Praxis tags\u00fcber offen.<\/p>\n<p>F\u00fcr die Vertiefung der Praxis haben wir einen ruhigen Meditationsraum mit einer gro\u00dfen Statue der Wei\u00dfen Tara eingerichtet. Dieser Raum kann sowohl f\u00fcr die t\u00e4gliche Praxis genutzt werden als auch f\u00fcr eine kurze Zur\u00fcckziehung. Der Meditationsraum ist in Holz gekleidet und ausgestattet mit einem Meditationsbereich, Schlafbereich und eigenem Badezimmer.<\/p>\n<p>Eine gro\u00dfe Dharma-Bibliothek mit tibetischer, englischer und deutschsprachiger Literatur, steht den G\u00e4sten zur Verf\u00fcgung. Zur Bibliothek geh\u00f6rt der Library-Garden, der zum Lesen in der sch\u00f6nen Natur einl\u00e4dt.<\/p>\n<p>Die sch\u00f6ne Landschaft rund um das KCE l\u00e4dt au\u00dferdem zu Wanderungen und Abstechern in die Stadt Kalimpong ein.\u00a0 Auch Ausfl\u00fcge ins nahe gelegene Sikkim oder Darjeeling sind als Tagesausfl\u00fcge m\u00f6glich.<\/p>\n<h3><strong>Anreise<\/strong><\/h3>\n<p>Falls ihr uns besuchen m\u00f6chtet, schreibt uns bitte eine E-Mail oder eine WhatsApp-Nachricht +91 9958874691. Wir helfen euch auch gerne bei eurer Reiseplanung und organisieren eure Abholung vom Flughafen.<\/p>\n<p><strong><a href=\"mailto:info@karmapa-education.org\">info@karmapa-education.org<\/a><\/strong><\/p>\n<p>Ihr k\u00f6nnt unsere Aktivit\u00e4ten auch auf unserer Facebook-Seite verfolgen.<\/p>\n<p><strong><a href=\"https:\/\/www.facebook.com\/KalimpongEducationCenter\">https:\/\/www.facebook.com\/KalimpongEducationCenter<\/a><\/strong><\/p>\n<p>&nbsp;<\/p>\n<p>&nbsp;<\/p>\n\n\t\t<style type=\"text\/css\">\n\t\t\t#gallery-1 {\n\t\t\t\tmargin: auto;\n\t\t\t}\n\t\t\t#gallery-1 .gallery-item {\n\t\t\t\tfloat: left;\n\t\t\t\tmargin-top: 10px;\n\t\t\t\ttext-align: center;\n\t\t\t\twidth: 100%;\n\t\t\t}\n\t\t\t#gallery-1 img {\n\t\t\t\tborder: 2px solid #cfcfcf;\n\t\t\t}\n\t\t\t#gallery-1 .gallery-caption {\n\t\t\t\tmargin-left: 0;\n\t\t\t}\n\t\t\t\/* see gallery_shortcode() in wp-includes\/media.php *\/\n\t\t<\/style>\n\t\t<div id='gallery-1' class='gallery galleryid-3168 gallery-columns-1 gallery-size-'><span class='gallery-item'>\n\t\t\t<span class='gallery-icon landscape'>\n\t\t\t\t<img loading=\"lazy\" decoding=\"async\" width=\"1920\" height=\"1080\" src=\"https:\/\/karmapa-education.org\/wp-content\/uploads\/Room-1-scaled.jpg\" class=\"attachment- size-\" alt=\"\" aria-describedby=\"gallery-1-14793\" srcset=\"https:\/\/karmapa-education.org\/wp-content\/uploads\/Room-1-scaled.jpg 1920w, https:\/\/karmapa-education.org\/wp-content\/uploads\/Room-1-600x338.jpg 600w, https:\/\/karmapa-education.org\/wp-content\/uploads\/Room-1-1024x576.jpg 1024w, https:\/\/karmapa-education.org\/wp-content\/uploads\/Room-1-768x432.jpg 768w, https:\/\/karmapa-education.org\/wp-content\/uploads\/Room-1-1536x864.jpg 1536w, https:\/\/karmapa-education.org\/wp-content\/uploads\/Room-1-2048x1152.jpg 2048w, https:\/\/karmapa-education.org\/wp-content\/uploads\/Room-1-533x300.jpg 533w\" sizes=\"auto, (max-width: 1920px) 100vw, 1920px\" \/>\n\t\t\t<\/span>\n\t\t\t\t<span class='wp-caption-text gallery-caption' id='gallery-1-14793'>\n\t\t\t\tGuest room \n\t\t\t\t<\/span><\/span><br style=\"clear: both\" \/><span class='gallery-item'>\n\t\t\t<span class='gallery-icon landscape'>\n\t\t\t\t<img loading=\"lazy\" decoding=\"async\" width=\"1920\" height=\"1080\" src=\"https:\/\/karmapa-education.org\/wp-content\/uploads\/Room-3-scaled.jpg\" class=\"attachment- size-\" alt=\"\" srcset=\"https:\/\/karmapa-education.org\/wp-content\/uploads\/Room-3-scaled.jpg 1920w, https:\/\/karmapa-education.org\/wp-content\/uploads\/Room-3-600x338.jpg 600w, https:\/\/karmapa-education.org\/wp-content\/uploads\/Room-3-1024x576.jpg 1024w, https:\/\/karmapa-education.org\/wp-content\/uploads\/Room-3-768x432.jpg 768w, https:\/\/karmapa-education.org\/wp-content\/uploads\/Room-3-1536x864.jpg 1536w, https:\/\/karmapa-education.org\/wp-content\/uploads\/Room-3-2048x1152.jpg 2048w, https:\/\/karmapa-education.org\/wp-content\/uploads\/Room-3-533x300.jpg 533w\" sizes=\"auto, (max-width: 1920px) 100vw, 1920px\" \/>\n\t\t\t<\/span><\/span><br style=\"clear: both\" \/><span class='gallery-item'>\n\t\t\t<span class='gallery-icon landscape'>\n\t\t\t\t<img loading=\"lazy\" decoding=\"async\" width=\"1920\" height=\"1080\" src=\"https:\/\/karmapa-education.org\/wp-content\/uploads\/Room-3_-scaled.jpg\" class=\"attachment- size-\" alt=\"\" aria-describedby=\"gallery-1-14796\" srcset=\"https:\/\/karmapa-education.org\/wp-content\/uploads\/Room-3_-scaled.jpg 1920w, https:\/\/karmapa-education.org\/wp-content\/uploads\/Room-3_-600x338.jpg 600w, https:\/\/karmapa-education.org\/wp-content\/uploads\/Room-3_-1024x576.jpg 1024w, https:\/\/karmapa-education.org\/wp-content\/uploads\/Room-3_-768x432.jpg 768w, https:\/\/karmapa-education.org\/wp-content\/uploads\/Room-3_-1536x864.jpg 1536w, https:\/\/karmapa-education.org\/wp-content\/uploads\/Room-3_-2048x1152.jpg 2048w, https:\/\/karmapa-education.org\/wp-content\/uploads\/Room-3_-533x300.jpg 533w\" sizes=\"auto, (max-width: 1920px) 100vw, 1920px\" \/>\n\t\t\t<\/span>\n\t\t\t\t<span class='wp-caption-text gallery-caption' id='gallery-1-14796'>\n\t\t\t\tGuest room\n\t\t\t\t<\/span><\/span><br style=\"clear: both\" \/><span class='gallery-item'>\n\t\t\t<span class='gallery-icon landscape'>\n\t\t\t\t<img loading=\"lazy\" decoding=\"async\" width=\"1920\" height=\"1080\" src=\"https:\/\/karmapa-education.org\/wp-content\/uploads\/Room-4-scaled.jpg\" class=\"attachment- size-\" alt=\"\" aria-describedby=\"gallery-1-14797\" srcset=\"https:\/\/karmapa-education.org\/wp-content\/uploads\/Room-4-scaled.jpg 1920w, https:\/\/karmapa-education.org\/wp-content\/uploads\/Room-4-600x338.jpg 600w, https:\/\/karmapa-education.org\/wp-content\/uploads\/Room-4-1024x576.jpg 1024w, https:\/\/karmapa-education.org\/wp-content\/uploads\/Room-4-768x432.jpg 768w, https:\/\/karmapa-education.org\/wp-content\/uploads\/Room-4-1536x864.jpg 1536w, https:\/\/karmapa-education.org\/wp-content\/uploads\/Room-4-2048x1152.jpg 2048w, https:\/\/karmapa-education.org\/wp-content\/uploads\/Room-4-533x300.jpg 533w\" sizes=\"auto, (max-width: 1920px) 100vw, 1920px\" \/>\n\t\t\t<\/span>\n\t\t\t\t<span class='wp-caption-text gallery-caption' id='gallery-1-14797'>\n\t\t\t\tGuest room \n\t\t\t\t<\/span><\/span><br style=\"clear: both\" \/><span class='gallery-item'>\n\t\t\t<span class='gallery-icon landscape'>\n\t\t\t\t<img loading=\"lazy\" decoding=\"async\" width=\"1920\" height=\"1282\" src=\"https:\/\/karmapa-education.org\/wp-content\/uploads\/DSC06231-scaled.jpg\" class=\"attachment- size-\" alt=\"\" srcset=\"https:\/\/karmapa-education.org\/wp-content\/uploads\/DSC06231-scaled.jpg 1920w, https:\/\/karmapa-education.org\/wp-content\/uploads\/DSC06231-600x400.jpg 600w, https:\/\/karmapa-education.org\/wp-content\/uploads\/DSC06231-1024x684.jpg 1024w, https:\/\/karmapa-education.org\/wp-content\/uploads\/DSC06231-768x513.jpg 768w, https:\/\/karmapa-education.org\/wp-content\/uploads\/DSC06231-1536x1026.jpg 1536w, https:\/\/karmapa-education.org\/wp-content\/uploads\/DSC06231-2048x1368.jpg 2048w, https:\/\/karmapa-education.org\/wp-content\/uploads\/DSC06231-533x356.jpg 533w\" sizes=\"auto, (max-width: 1920px) 100vw, 1920px\" \/>\n\t\t\t<\/span><\/span><br style=\"clear: both\" \/><span class='gallery-item'>\n\t\t\t<span class='gallery-icon landscape'>\n\t\t\t\t<img loading=\"lazy\" decoding=\"async\" width=\"1920\" height=\"1282\" src=\"https:\/\/karmapa-education.org\/wp-content\/uploads\/DSC04958-scaled.jpg\" class=\"attachment- size-\" alt=\"\" srcset=\"https:\/\/karmapa-education.org\/wp-content\/uploads\/DSC04958-scaled.jpg 1920w, https:\/\/karmapa-education.org\/wp-content\/uploads\/DSC04958-600x400.jpg 600w, https:\/\/karmapa-education.org\/wp-content\/uploads\/DSC04958-1024x684.jpg 1024w, https:\/\/karmapa-education.org\/wp-content\/uploads\/DSC04958-768x513.jpg 768w, https:\/\/karmapa-education.org\/wp-content\/uploads\/DSC04958-1536x1026.jpg 1536w, https:\/\/karmapa-education.org\/wp-content\/uploads\/DSC04958-2048x1368.jpg 2048w, https:\/\/karmapa-education.org\/wp-content\/uploads\/DSC04958-533x356.jpg 533w\" sizes=\"auto, (max-width: 1920px) 100vw, 1920px\" \/>\n\t\t\t<\/span><\/span><br style=\"clear: both\" \/><span class='gallery-item'>\n\t\t\t<span class='gallery-icon landscape'>\n\t\t\t\t<img loading=\"lazy\" decoding=\"async\" width=\"1920\" height=\"1277\" src=\"https:\/\/karmapa-education.org\/wp-content\/uploads\/DSC07689-scaled.jpg\" class=\"attachment- size-\" alt=\"\" srcset=\"https:\/\/karmapa-education.org\/wp-content\/uploads\/DSC07689-scaled.jpg 1920w, https:\/\/karmapa-education.org\/wp-content\/uploads\/DSC07689-600x400.jpg 600w, https:\/\/karmapa-education.org\/wp-content\/uploads\/DSC07689-1024x681.jpg 1024w, https:\/\/karmapa-education.org\/wp-content\/uploads\/DSC07689-768x511.jpg 768w, https:\/\/karmapa-education.org\/wp-content\/uploads\/DSC07689-1536x1021.jpg 1536w, https:\/\/karmapa-education.org\/wp-content\/uploads\/DSC07689-2048x1362.jpg 2048w, https:\/\/karmapa-education.org\/wp-content\/uploads\/DSC07689-533x354.jpg 533w\" sizes=\"auto, (max-width: 1920px) 100vw, 1920px\" \/>\n\t\t\t<\/span><\/span><br style=\"clear: both\" \/><span class='gallery-item'>\n\t\t\t<span class='gallery-icon landscape'>\n\t\t\t\t<img loading=\"lazy\" decoding=\"async\" width=\"1920\" height=\"1440\" src=\"https:\/\/karmapa-education.org\/wp-content\/uploads\/IMG_3745-scaled.jpg\" class=\"attachment- size-\" alt=\"\" srcset=\"https:\/\/karmapa-education.org\/wp-content\/uploads\/IMG_3745-scaled.jpg 1920w, https:\/\/karmapa-education.org\/wp-content\/uploads\/IMG_3745-533x400.jpg 533w, https:\/\/karmapa-education.org\/wp-content\/uploads\/IMG_3745-1024x768.jpg 1024w, https:\/\/karmapa-education.org\/wp-content\/uploads\/IMG_3745-768x576.jpg 768w, https:\/\/karmapa-education.org\/wp-content\/uploads\/IMG_3745-1536x1152.jpg 1536w, https:\/\/karmapa-education.org\/wp-content\/uploads\/IMG_3745-2048x1536.jpg 2048w, https:\/\/karmapa-education.org\/wp-content\/uploads\/IMG_3745-180x135.jpg 180w, https:\/\/karmapa-education.org\/wp-content\/uploads\/IMG_3745-616x462.jpg 616w\" sizes=\"auto, (max-width: 1920px) 100vw, 1920px\" \/>\n\t\t\t<\/span><\/span><br style=\"clear: both\" \/><span class='gallery-item'>\n\t\t\t<span class='gallery-icon landscape'>\n\t\t\t\t<img loading=\"lazy\" decoding=\"async\" width=\"1920\" height=\"999\" src=\"https:\/\/karmapa-education.org\/wp-content\/uploads\/IMG_3064-scaled.jpg\" class=\"attachment- size-\" alt=\"\" srcset=\"https:\/\/karmapa-education.org\/wp-content\/uploads\/IMG_3064-scaled.jpg 1920w, https:\/\/karmapa-education.org\/wp-content\/uploads\/IMG_3064-600x312.jpg 600w, https:\/\/karmapa-education.org\/wp-content\/uploads\/IMG_3064-1024x533.jpg 1024w, https:\/\/karmapa-education.org\/wp-content\/uploads\/IMG_3064-768x400.jpg 768w, https:\/\/karmapa-education.org\/wp-content\/uploads\/IMG_3064-1536x799.jpg 1536w, https:\/\/karmapa-education.org\/wp-content\/uploads\/IMG_3064-2048x1066.jpg 2048w, https:\/\/karmapa-education.org\/wp-content\/uploads\/IMG_3064-533x277.jpg 533w\" sizes=\"auto, (max-width: 1920px) 100vw, 1920px\" \/>\n\t\t\t<\/span><\/span><br style=\"clear: both\" \/><span class='gallery-item'>\n\t\t\t<span class='gallery-icon landscape'>\n\t\t\t\t<img loading=\"lazy\" decoding=\"async\" width=\"1920\" height=\"1080\" src=\"https:\/\/karmapa-education.org\/wp-content\/uploads\/IMG_6570-scaled.jpg\" class=\"attachment- size-\" alt=\"\" srcset=\"https:\/\/karmapa-education.org\/wp-content\/uploads\/IMG_6570-scaled.jpg 1920w, https:\/\/karmapa-education.org\/wp-content\/uploads\/IMG_6570-600x338.jpg 600w, https:\/\/karmapa-education.org\/wp-content\/uploads\/IMG_6570-1024x576.jpg 1024w, https:\/\/karmapa-education.org\/wp-content\/uploads\/IMG_6570-768x432.jpg 768w, https:\/\/karmapa-education.org\/wp-content\/uploads\/IMG_6570-1536x864.jpg 1536w, https:\/\/karmapa-education.org\/wp-content\/uploads\/IMG_6570-2048x1152.jpg 2048w, https:\/\/karmapa-education.org\/wp-content\/uploads\/IMG_6570-533x300.jpg 533w\" sizes=\"auto, (max-width: 1920px) 100vw, 1920px\" \/>\n\t\t\t<\/span><\/span><br style=\"clear: both\" \/><span class='gallery-item'>\n\t\t\t<span class='gallery-icon landscape'>\n\t\t\t\t<img loading=\"lazy\" decoding=\"async\" width=\"1920\" height=\"1080\" src=\"https:\/\/karmapa-education.org\/wp-content\/uploads\/IMG_6481-scaled.jpg\" class=\"attachment- size-\" alt=\"\" srcset=\"https:\/\/karmapa-education.org\/wp-content\/uploads\/IMG_6481-scaled.jpg 1920w, https:\/\/karmapa-education.org\/wp-content\/uploads\/IMG_6481-600x338.jpg 600w, https:\/\/karmapa-education.org\/wp-content\/uploads\/IMG_6481-1024x576.jpg 1024w, https:\/\/karmapa-education.org\/wp-content\/uploads\/IMG_6481-768x432.jpg 768w, https:\/\/karmapa-education.org\/wp-content\/uploads\/IMG_6481-1536x864.jpg 1536w, https:\/\/karmapa-education.org\/wp-content\/uploads\/IMG_6481-2048x1152.jpg 2048w, https:\/\/karmapa-education.org\/wp-content\/uploads\/IMG_6481-533x300.jpg 533w\" sizes=\"auto, (max-width: 1920px) 100vw, 1920px\" \/>\n\t\t\t<\/span><\/span><br style=\"clear: both\" \/><span class='gallery-item'>\n\t\t\t<span class='gallery-icon landscape'>\n\t\t\t\t<img loading=\"lazy\" decoding=\"async\" width=\"1920\" height=\"1282\" src=\"https:\/\/karmapa-education.org\/wp-content\/uploads\/DSC05052-scaled.jpg\" class=\"attachment- size-\" alt=\"\" srcset=\"https:\/\/karmapa-education.org\/wp-content\/uploads\/DSC05052-scaled.jpg 1920w, https:\/\/karmapa-education.org\/wp-content\/uploads\/DSC05052-600x400.jpg 600w, https:\/\/karmapa-education.org\/wp-content\/uploads\/DSC05052-1024x684.jpg 1024w, https:\/\/karmapa-education.org\/wp-content\/uploads\/DSC05052-768x513.jpg 768w, https:\/\/karmapa-education.org\/wp-content\/uploads\/DSC05052-1536x1026.jpg 1536w, https:\/\/karmapa-education.org\/wp-content\/uploads\/DSC05052-2048x1368.jpg 2048w, https:\/\/karmapa-education.org\/wp-content\/uploads\/DSC05052-533x356.jpg 533w\" sizes=\"auto, (max-width: 1920px) 100vw, 1920px\" \/>\n\t\t\t<\/span><\/span><br style=\"clear: both\" \/>\n\t\t<\/div>\n\n<p>&nbsp;<\/p>\n","protected":false},"excerpt":{"rendered":"<p>Wir freuen uns \u00fcber euren Besuch G\u00e4ste sind herzlich willkommen am KCE. Daf\u00fcr haben wir mehrere sch\u00f6ne G\u00e4stezimmer in verschiedenen Gr\u00f6\u00dfen und Ausstattungen eingerichtet. Ob ihr uns besuchen kommt, um zu praktizieren oder einfach nur, um sich in dieser sch\u00f6nen Umgebung inmitten der Berge zu entspannen. Ein Besuch bei uns l\u00e4dt dazu ein, Verbindungen zu unserem Team und unseren Sch\u00fclern aufzubauen und einen Einblick in das Leben eines buddhistischen Ausbildungszentrums im Himalaya zu erhalten. Unsere G\u00e4ste sind herzlich dazu eingeladen an unserem Tagesablauf teilzunehmen. Beispielsweise au\u00dferhalb der Schulzeit mit den Kindern basteln, spielen, Sport treiben oder Yoga und andere Aktivit\u00e4ten unternehmen. Wir sind immer offen f\u00fcr eure Talente und Erfahrungen, die ihr mit uns und unseren Kindern teilen m\u00f6chtet. G\u00e4ste k\u00f6nnen an den t\u00e4glichen Pujas im Tempel teilnehmen: Die Morgen Puja (Tara) und am Abend die Mahakala Praxis. Der Tempel ist auch f\u00fcr die pers\u00f6nliche Praxis tags\u00fcber offen. F\u00fcr die Vertiefung der Praxis haben wir einen ruhigen Meditationsraum mit einer gro\u00dfen Statue der Wei\u00dfen Tara eingerichtet. Dieser Raum kann sowohl f\u00fcr die t\u00e4gliche Praxis genutzt werden als auch f\u00fcr eine kurze Zur\u00fcckziehung. Der Meditationsraum ist in Holz gekleidet und ausgestattet mit einem Meditationsbereich, Schlafbereich und eigenem Badezimmer. Eine gro\u00dfe Dharma-Bibliothek mit tibetischer, englischer und deutschsprachiger Literatur, steht den G\u00e4sten zur Verf\u00fcgung. Zur Bibliothek geh\u00f6rt der Library-Garden, der zum Lesen in der sch\u00f6nen Natur einl\u00e4dt. Die sch\u00f6ne Landschaft rund um das KCE l\u00e4dt au\u00dferdem zu Wanderungen und Abstechern in die Stadt Kalimpong ein.\u00a0 Auch Ausfl\u00fcge ins nahe gelegene Sikkim oder Darjeeling sind als Tagesausfl\u00fcge m\u00f6glich. Anreise Falls ihr uns besuchen m\u00f6chtet, schreibt uns bitte eine E-Mail oder eine WhatsApp-Nachricht +91 9958874691. Wir helfen euch auch gerne bei eurer Reiseplanung und organisieren eure Abholung vom Flughafen. info@karmapa-education.org Ihr k\u00f6nnt unsere Aktivit\u00e4ten auch auf unserer Facebook-Seite verfolgen. https:\/\/www.facebook.com\/KalimpongEducationCenter &nbsp; &nbsp; &nbsp;<\/p>\n","protected":false},"author":2,"featured_media":0,"parent":6344,"menu_order":0,"comment_status":"closed","ping_status":"closed","template":"","meta":{"_acf_changed":false,"footnotes":""},"class_list":["post-3168","page","type-page","status-publish","hentry"],"translation":{"provider":"WPGlobus","version":"3.0.2","language":"de","enabled_languages":["en","de"],"languages":{"en":{"title":false,"content":true,"excerpt":false},"de":{"title":false,"content":true,"excerpt":false}}},"acf":[],"yoast_head":"<!-- This site is optimized with the Yoast SEO plugin v27.3 - https:\/\/yoast.com\/product\/yoast-seo-wordpress\/ -->\n<title>- English<\/title>\n<meta name=\"robots\" content=\"index, follow, max-snippet:-1, max-image-preview:large, max-video-preview:-1\" \/>\n<link rel=\"canonical\" href=\"https:\/\/karmapa-education.org\/jobs\/guests\/\" \/>\n<meta property=\"og:locale\" content=\"de_DE\" \/>\n<meta property=\"og:type\" content=\"article\" \/>\n<meta property=\"og:title\" content=\"- English\" \/>\n<meta property=\"og:url\" content=\"https:\/\/karmapa-education.org\/jobs\/guests\/\" \/>\n<meta property=\"og:site_name\" content=\"English\" \/>\n<meta property=\"article:modified_time\" content=\"2023-09-26T13:09:48+00:00\" \/>\n<meta property=\"og:image\" content=\"https:\/\/karmapa-education.org\/wp-content\/uploads\/Room-1-scaled.jpg\" \/>\n<meta name=\"twitter:card\" content=\"summary_large_image\" \/>\n<meta name=\"twitter:label1\" content=\"Gesch\u00e4tzte Lesezeit\" \/>\n\t<meta name=\"twitter:data1\" content=\"2\u00a0Minuten\" \/>\n<script type=\"application\/ld+json\" class=\"yoast-schema-graph\">{\"@context\":\"https:\\\/\\\/schema.org\",\"@graph\":[{\"@type\":\"WebPage\",\"@id\":\"https:\\\/\\\/karmapa-education.org\\\/jobs\\\/guests\\\/\",\"url\":\"https:\\\/\\\/karmapa-education.org\\\/jobs\\\/guests\\\/\",\"name\":\"- English\",\"isPartOf\":{\"@id\":\"https:\\\/\\\/karmapa-education.org\\\/#website\"},\"datePublished\":\"2018-09-07T12:29:03+00:00\",\"dateModified\":\"2023-09-26T13:09:48+00:00\",\"breadcrumb\":{\"@id\":\"https:\\\/\\\/karmapa-education.org\\\/jobs\\\/guests\\\/#breadcrumb\"},\"inLanguage\":\"de\",\"potentialAction\":[{\"@type\":\"ReadAction\",\"target\":[\"https:\\\/\\\/karmapa-education.org\\\/jobs\\\/guests\\\/\"]}]},{\"@type\":\"BreadcrumbList\",\"@id\":\"https:\\\/\\\/karmapa-education.org\\\/jobs\\\/guests\\\/#breadcrumb\",\"itemListElement\":[{\"@type\":\"ListItem\",\"position\":1,\"name\":\"Startseite\",\"item\":\"https:\\\/\\\/karmapa-education.org\\\/\"},{\"@type\":\"ListItem\",\"position\":2,\"name\":\"Jobs\",\"item\":\"https:\\\/\\\/karmapa-education.org\\\/de\\\/jobs\\\/\"}]},{\"@type\":\"WebSite\",\"@id\":\"https:\\\/\\\/karmapa-education.org\\\/#website\",\"url\":\"https:\\\/\\\/karmapa-education.org\\\/\",\"name\":\"English\",\"description\":\"English\",\"potentialAction\":[{\"@type\":\"SearchAction\",\"target\":{\"@type\":\"EntryPoint\",\"urlTemplate\":\"https:\\\/\\\/karmapa-education.org\\\/?s={search_term_string}\"},\"query-input\":{\"@type\":\"PropertyValueSpecification\",\"valueRequired\":true,\"valueName\":\"search_term_string\"}}],\"inLanguage\":\"de\"}]}<\/script>\n<!-- \/ Yoast SEO plugin. -->","yoast_head_json":{"title":"- English","robots":{"index":"index","follow":"follow","max-snippet":"max-snippet:-1","max-image-preview":"max-image-preview:large","max-video-preview":"max-video-preview:-1"},"canonical":"https:\/\/karmapa-education.org\/jobs\/guests\/","og_locale":"de_DE","og_type":"article","og_title":"- English","og_url":"https:\/\/karmapa-education.org\/jobs\/guests\/","og_site_name":"English","article_modified_time":"2023-09-26T13:09:48+00:00","og_image":[{"url":"https:\/\/karmapa-education.org\/wp-content\/uploads\/Room-1-scaled.jpg","type":"","width":"","height":""}],"twitter_card":"summary_large_image","twitter_misc":{"Gesch\u00e4tzte Lesezeit":"2\u00a0Minuten"},"schema":{"@context":"https:\/\/schema.org","@graph":[{"@type":"WebPage","@id":"https:\/\/karmapa-education.org\/jobs\/guests\/","url":"https:\/\/karmapa-education.org\/jobs\/guests\/","name":"- English","isPartOf":{"@id":"https:\/\/karmapa-education.org\/#website"},"datePublished":"2018-09-07T12:29:03+00:00","dateModified":"2023-09-26T13:09:48+00:00","breadcrumb":{"@id":"https:\/\/karmapa-education.org\/jobs\/guests\/#breadcrumb"},"inLanguage":"de","potentialAction":[{"@type":"ReadAction","target":["https:\/\/karmapa-education.org\/jobs\/guests\/"]}]},{"@type":"BreadcrumbList","@id":"https:\/\/karmapa-education.org\/jobs\/guests\/#breadcrumb","itemListElement":[{"@type":"ListItem","position":1,"name":"Startseite","item":"https:\/\/karmapa-education.org\/"},{"@type":"ListItem","position":2,"name":"Jobs","item":"https:\/\/karmapa-education.org\/de\/jobs\/"}]},{"@type":"WebSite","@id":"https:\/\/karmapa-education.org\/#website","url":"https:\/\/karmapa-education.org\/","name":"English","description":"English","potentialAction":[{"@type":"SearchAction","target":{"@type":"EntryPoint","urlTemplate":"https:\/\/karmapa-education.org\/?s={search_term_string}"},"query-input":{"@type":"PropertyValueSpecification","valueRequired":true,"valueName":"search_term_string"}}],"inLanguage":"de"}]}},"_links":{"self":[{"href":"https:\/\/karmapa-education.org\/de\/wp-json\/wp\/v2\/pages\/3168","targetHints":{"allow":["GET"]}}],"collection":[{"href":"https:\/\/karmapa-education.org\/de\/wp-json\/wp\/v2\/pages"}],"about":[{"href":"https:\/\/karmapa-education.org\/de\/wp-json\/wp\/v2\/types\/page"}],"author":[{"embeddable":true,"href":"https:\/\/karmapa-education.org\/de\/wp-json\/wp\/v2\/users\/2"}],"replies":[{"embeddable":true,"href":"https:\/\/karmapa-education.org\/de\/wp-json\/wp\/v2\/comments?post=3168"}],"version-history":[{"count":50,"href":"https:\/\/karmapa-education.org\/de\/wp-json\/wp\/v2\/pages\/3168\/revisions"}],"predecessor-version":[{"id":14802,"href":"https:\/\/karmapa-education.org\/de\/wp-json\/wp\/v2\/pages\/3168\/revisions\/14802"}],"up":[{"embeddable":true,"href":"https:\/\/karmapa-education.org\/de\/wp-json\/wp\/v2\/pages\/6344"}],"wp:attachment":[{"href":"https:\/\/karmapa-education.org\/de\/wp-json\/wp\/v2\/media?parent=3168"}],"curies":[{"name":"wp","href":"https:\/\/api.w.org\/{rel}","templated":true}]}}