{"id":400,"date":"2016-06-16T17:33:25","date_gmt":"2016-06-16T17:33:25","guid":{"rendered":"http:\/\/www.sabassociation.org\/testsite\/?page_id=400"},"modified":"2023-07-21T04:14:18","modified_gmt":"2023-07-21T04:14:18","slug":"support","status":"publish","type":"page","link":"https:\/\/karmapa-education.org\/de\/support\/","title":{"rendered":"Unterst\u00fctzung"},"content":{"rendered":"<h1>Werde F\u00f6rderer des KCE<\/h1>\n<h3>Eure Spende hilft uns bei der Umsetzung der Vision<\/h3>\n<p>Der Unterhalt und die Fertigstellung des Karmapa Center of Education h\u00e4ngt von der Unterst\u00fctzung vorausschauender Freunde ab, die unsere Vision teilen. \u00a0Jede Form der finanziellen Unterst\u00fctzung &#8211; ob einmalig oder regelm\u00e4\u00dfig &#8211; ist herzlich willkommen! Auch kleinere Spenden von 5 USD\/Euro sorgen f\u00fcr eine finanzielle Stabilit\u00e4t. Regelm\u00e4\u00dfige, monatliche Beitr\u00e4ge erlauben uns, ein Jahresbudget zu erstellen und im Voraus zu planen.<\/p>\n<h2 style=\"margin-bottom: 20px;\">Drei M\u00f6glichkeiten des Geldtransfers<\/h2>\n<div class=\"su-accordion su-u-trim\">\n<div class=\"su-spoiler su-spoiler-style-default su-spoiler-icon-plus-square-1 su-spoiler-closed\" data-scroll-offset=\"0\" data-anchor-in-url=\"no\"><div class=\"su-spoiler-title\" tabindex=\"0\" role=\"button\"><span class=\"su-spoiler-icon\"><\/span>Online mit PayPal und Kreditkarte<\/div><div class=\"su-spoiler-content su-u-clearfix su-u-trim\">\n<p>PayPal bietet eine einfache und sichere M\u00f6glichkeit an, Geld online zu transferieren.<\/p>\n<code>\n&lt;div class=&quot;paypal&quot;&gt;\n&lt;form action=&quot;https:\/\/www.paypal.com\/cgi-bin\/webscr&quot; method=&quot;post&quot;&gt;&lt;input id=&quot;purposie&quot; class=&quot;purposie&quot; name=&quot;cmd&quot; type=&quot;hidden&quot; value=&quot;_s-xclick&quot; \/&gt; &lt;input id=&quot;purposie&quot; class=&quot;purposie&quot; name=&quot;hosted_button_id&quot; type=&quot;hidden&quot; value=&quot;9EQNFBHGFL3BA&quot; \/&gt; Select a purpose:&lt;select name=&quot;item_name&quot;&gt;&lt;option value=&quot;KCE allgemein&quot;&gt;KCE allgemein&lt;\/option&gt;&lt;option value=&quot;Bau und Unterhalt des Schulbetriebs&quot;&gt;Bau und Unterhalt des Schulbetriebs&lt;\/option&gt;&lt;option value=&quot;F\u00f6rderung eines Sch\u00fclers&quot;&gt;F\u00f6rderung eines Sch\u00fclers&lt;\/option&gt;&lt;option value=&quot;Beitrag zum Lehrer und Hausmutter Gehalt&quot;&gt;Beitrag zum Lehrer und Hausmutter Gehalt&lt;\/option&gt;&lt;\/select&gt;&lt;\/p&gt;\n&lt;p&gt;&lt;input name=&quot;on0&quot; type=&quot;hidden&quot; value=&quot;Notes&quot; \/&gt;Notes: &lt;input class=&quot;feldie&quot; name=&quot;os0&quot; type=&quot;text&quot; \/&gt;&lt;\/p&gt;\n&lt;p&gt;&lt;input alt=&quot;PayPal - The safer, easier way to pay online!&quot; name=&quot;submit&quot; src=&quot;https:\/\/www.paypalobjects.com\/en_US\/i\/btn\/btn_donate_LG.gif&quot; type=&quot;image&quot; \/&gt; &lt;img style=&quot;display: none !important;&quot; hidden=&quot;&quot; src=&quot;https:\/\/www.paypalobjects.com\/de_DE\/i\/scr\/pixel.gif&quot; alt=&quot;&quot; width=&quot;1&quot; height=&quot;1&quot; class=&quot;table&quot; \/&gt;&lt;\/p&gt;\n&lt;\/form&gt;\n&lt;\/div&gt;\n<\/code>\n<\/div><\/div>\n<div class=\"su-spoiler su-spoiler-style-default su-spoiler-icon-plus-square-1 su-spoiler-closed\" data-scroll-offset=\"0\" data-anchor-in-url=\"no\"><div class=\"su-spoiler-title\" tabindex=\"0\" role=\"button\"><span class=\"su-spoiler-icon\"><\/span>\u00dcberweisung innerhalb Europas<\/div><div class=\"su-spoiler-content su-u-clearfix su-u-trim\">\n<p>Die Verwaltung und Weiterleitung der Spendengelder erfolgt \u00fcber den Verein \u201aKarmapa Indo-Tibetology School e.V.&#8216; ein deutscher Verein, der als gemeinn\u00fctzig anerkannt ist. Er wurde eigens gegr\u00fcndet, um die Spendengelder f\u00fcr den Bau und den laufenden Unterhalt des Projekts zu verwalten, und ist f\u00fcr die Weiterleitung der Gelder an das Ausbildungszentrum verantwortlich.<\/p>\n<p>In Deutschland sind Spenden steuerlich absetzbar. Wenn Ihr das Projekt unterst\u00fctzen m\u00f6chtet, teilt uns deshalb bitte Eure Adresse mit, damit wir Euch die Spendenbescheinigung zukommen lassen k\u00f6nnen.<\/p>\n<h3><strong>Bankverbindung :<\/strong><\/h3>\n<p>Karmapa Indo-Tibetology School e. V.<br \/>\nSparkasse Karlsruhe<br \/>\nKontonummer: 108 115 791<br \/>\nBankleitzahl: 660 501 01<br \/>\nIBAN: DE86 6605 0101 0108 1157 91<br \/>\nBIC\/Swift: KARSDE66<\/p>\n<\/div><\/div>\n<div class=\"su-spoiler su-spoiler-style-default su-spoiler-icon-plus-square-1 su-spoiler-closed\" data-scroll-offset=\"0\" data-anchor-in-url=\"no\"><div class=\"su-spoiler-title\" tabindex=\"0\" role=\"button\"><span class=\"su-spoiler-icon\"><\/span>\u00dcberweisung au\u00dferhalb Europas<\/div><div class=\"su-spoiler-content su-u-clearfix su-u-trim\">\n<p>Spenden k\u00f6nnen auch direkt auf das indische Trustkonto \u00fcberwiesen werden. Bitte kontaktiert uns, wir helfen gerne bei dieser Transaktion.<\/p>\n<\/div><\/div>\n<\/div>\n<h2 style=\"margin-top: 40px;\">Diese Aktivit\u00e4ten f\u00f6rdert ihr mit eurer Spende:<\/h2>\n<h4>Bau und Unterhalt des Schulbetriebs<\/h4>\n<p>Dank der Unterst\u00fctzung, die das KCE in vielfacher Form seit Projektbeginn erhalten hat, konnte der erste Bauabschnitt abgeschlossen werden und der Schulbetrieb Ende 2017 aufgenommen werden. Die Finanzierung und Umsetzung der n\u00e4chsten Bauphasen h\u00e4ngt von der Freigiebigkeit der Freunde ab, die Karmapas gro\u00dfe Vision zusammen mit uns umsetzten wollen.<\/p>\n<h4>F\u00f6rderung eines Sch\u00fclers<\/h4>\n<p>Die Kinder, die am KCE leben, stammen aus \u00fcberwiegend einkommensschwachen Elternh\u00e4usern der Himalaya-Region. Wir erheben daher keinerlei Geb\u00fchren und alle Sch\u00fcler erhalten Unterricht, Unterkunft, Verpflegung, medizinische Versorgung und Schulmaterial kostenlos.\u00a0So deckt zum Beispiel der Betrag von monatlich 80 Euro die Kosten f\u00fcr eine Sch\u00fclerin oder einen Sch\u00fcler.<\/p>\n<h4>Zuschuss zu einem\u00a0Lehrergehalt<\/h4>\n<p>Derzeit haben wir zwei staatlich anerkannte Lehrerinnen aus Kalimpong angestellt. Au\u00dferdem unterst\u00fctzen wir Gastlehrer, die sich f\u00fcr einen Aufenthalt von mindestens 6 Monaten verpflichten. Das monatliche Gehalt eines qualifizierten Grundschullehrers liegt in Kalimpong bei 250-400 Euro.<\/p>\n<h4>Beitrag f\u00fcr\u00a0eine Hausmutter<\/h4>\n<p>W\u00e4hrend des gesamten Tagesablaufes k\u00fcmmern sich Hausm\u00fctter um das Wohlergehen der Kinder. Sie pflegen kranke Kinder, tr\u00f6sten, vermitteln und unterst\u00fctzen sie in ihrer Tagesroutine. Sie schaffen eine Umgebung, in der sich die Kinder sicher f\u00fchlen. Seit dem zweiten Schuljahr 2019 haben wir drei Hausm\u00fctter. Das monatliche Gehalt einer Hausmutter betr\u00e4gt 150-200 Euro.<\/p>\n<h4>Sachspenden<\/h4>\n<p style=\"margin-bottom: 40px;\">F\u00fcr den Aufbau unserer englischsprachigen Bibliothek f\u00fcr Kinder ab 5 Jahren w\u00fcnschen wir uns B\u00fccher, B\u00fccher, B\u00fccher. Diese k\u00f6nnen gerne gebraucht sein. Ob Atlanten, Sachb\u00fccher, Tierb\u00fccher, L\u00e4nderkunde, Geschichten, M\u00e4rchen oder auch Tier- und Kinderfilme \u2013 wir freuen uns \u00fcber alles.<\/p>\n<p><div class=\"blueback\"><\/p>\n<p><img loading=\"lazy\" decoding=\"async\" class=\"wp-image-5099 alignleft\" style=\"margin-right: 30px; margin-left: -10px;\" src=\"https:\/\/karmapa-education.org\/wp-content\/uploads\/IMG_5270-1-family-hg-trans-413x400.png\" alt=\"\" width=\"241\" height=\"233\" srcset=\"https:\/\/karmapa-education.org\/wp-content\/uploads\/IMG_5270-1-family-hg-trans-413x400.png 413w, https:\/\/karmapa-education.org\/wp-content\/uploads\/IMG_5270-1-family-hg-trans-768x743.png 768w, https:\/\/karmapa-education.org\/wp-content\/uploads\/IMG_5270-1-family-hg-trans.png 995w\" sizes=\"auto, (max-width: 241px) 100vw, 241px\" \/><\/p>\n<h3><span style=\"color: #062f5e;\">Kontakt<\/span><\/h3>\n<p>Das Team der Mitarbeiter und Unterst\u00fctzer des KCE setzt sich aus Freunden zusammen, die aus ganz unterschiedlichen Regionen der Welt kommen.<br \/>\nWir freuen uns auf eure Anfragen und Vorschl\u00e4ge und beraten gerne \u00fcber M\u00f6glichkeiten, das Projekt zu unterst\u00fctzen.<\/p>\n<p><strong><a href=\"\/de\/contact\/\">Schreibt uns eine Nachricht<\/a><\/strong><\/p>\n<p><\/div><\/p>\n<p style=\"margin-top: 40px; margin-bottom: 40px;\"><em>Herzlichen Dank f\u00fcr euren wertvollen Beitrag!<\/em><\/p>\n","protected":false},"excerpt":{"rendered":"<p>Werde F\u00f6rderer des KCE Eure Spende hilft uns bei der Umsetzung der Vision Der Unterhalt und die Fertigstellung des Karmapa Center of Education h\u00e4ngt von der Unterst\u00fctzung vorausschauender Freunde ab, die unsere Vision teilen. \u00a0Jede Form der finanziellen Unterst\u00fctzung &#8211; ob einmalig oder regelm\u00e4\u00dfig &#8211; ist herzlich willkommen! Auch kleinere Spenden von 5 USD\/Euro sorgen f\u00fcr eine finanzielle Stabilit\u00e4t. Regelm\u00e4\u00dfige, monatliche Beitr\u00e4ge erlauben uns, ein Jahresbudget zu erstellen und im Voraus zu planen. Drei M\u00f6glichkeiten des Geldtransfers Diese Aktivit\u00e4ten f\u00f6rdert ihr mit eurer Spende: Bau und Unterhalt des Schulbetriebs Dank der Unterst\u00fctzung, die das KCE in vielfacher Form seit Projektbeginn erhalten hat, konnte der erste Bauabschnitt abgeschlossen werden und der Schulbetrieb Ende 2017 aufgenommen werden. Die Finanzierung und Umsetzung der n\u00e4chsten Bauphasen h\u00e4ngt von der Freigiebigkeit der Freunde ab, die Karmapas gro\u00dfe Vision zusammen mit uns umsetzten wollen. F\u00f6rderung eines Sch\u00fclers Die Kinder, die am KCE leben, stammen aus \u00fcberwiegend einkommensschwachen Elternh\u00e4usern der Himalaya-Region. Wir erheben daher keinerlei Geb\u00fchren und alle Sch\u00fcler erhalten Unterricht, Unterkunft, Verpflegung, medizinische Versorgung und Schulmaterial kostenlos.\u00a0So deckt zum Beispiel der Betrag von monatlich 80 Euro die Kosten f\u00fcr eine Sch\u00fclerin oder einen Sch\u00fcler. Zuschuss zu einem\u00a0Lehrergehalt Derzeit haben wir zwei staatlich anerkannte Lehrerinnen aus Kalimpong angestellt. Au\u00dferdem unterst\u00fctzen wir Gastlehrer, die sich f\u00fcr einen Aufenthalt von mindestens 6 Monaten verpflichten. Das monatliche Gehalt eines qualifizierten Grundschullehrers liegt in Kalimpong bei 250-400 Euro. Beitrag f\u00fcr\u00a0eine Hausmutter W\u00e4hrend des gesamten Tagesablaufes k\u00fcmmern sich Hausm\u00fctter um das Wohlergehen der Kinder. Sie pflegen kranke Kinder, tr\u00f6sten, vermitteln und unterst\u00fctzen sie in ihrer Tagesroutine. Sie schaffen eine Umgebung, in der sich die Kinder sicher f\u00fchlen. Seit dem zweiten Schuljahr 2019 haben wir drei Hausm\u00fctter. Das monatliche Gehalt einer Hausmutter betr\u00e4gt 150-200 Euro. Sachspenden F\u00fcr den Aufbau unserer englischsprachigen Bibliothek f\u00fcr Kinder ab 5 Jahren w\u00fcnschen wir uns B\u00fccher, B\u00fccher, B\u00fccher. Diese k\u00f6nnen gerne gebraucht sein. Ob Atlanten, Sachb\u00fccher, Tierb\u00fccher, L\u00e4nderkunde, Geschichten, M\u00e4rchen oder auch Tier- und Kinderfilme \u2013 wir freuen uns \u00fcber alles. Kontakt Das Team der Mitarbeiter und Unterst\u00fctzer des KCE setzt sich aus Freunden zusammen, die aus ganz unterschiedlichen Regionen der Welt kommen. Wir freuen uns auf eure Anfragen und Vorschl\u00e4ge und beraten gerne \u00fcber M\u00f6glichkeiten, das Projekt zu unterst\u00fctzen. Schreibt uns eine Nachricht Herzlichen Dank f\u00fcr euren wertvollen Beitrag!<\/p>\n","protected":false},"author":1,"featured_media":0,"parent":0,"menu_order":9,"comment_status":"closed","ping_status":"closed","template":"","meta":{"_acf_changed":false,"footnotes":""},"class_list":["post-400","page","type-page","status-publish","hentry"],"translation":{"provider":"WPGlobus","version":"3.0.2","language":"de","enabled_languages":["en","de"],"languages":{"en":{"title":true,"content":true,"excerpt":false},"de":{"title":true,"content":true,"excerpt":false}}},"acf":[],"yoast_head":"<!-- This site is optimized with the Yoast SEO plugin v27.3 - https:\/\/yoast.com\/product\/yoast-seo-wordpress\/ -->\n<title>Unterst\u00fctzung - English<\/title>\n<meta name=\"robots\" content=\"index, follow, max-snippet:-1, max-image-preview:large, max-video-preview:-1\" \/>\n<link rel=\"canonical\" href=\"https:\/\/karmapa-education.org\/support\/\" \/>\n<meta property=\"og:locale\" content=\"de_DE\" \/>\n<meta property=\"og:type\" content=\"article\" \/>\n<meta property=\"og:title\" content=\"Unterst\u00fctzung - English\" \/>\n<meta property=\"og:url\" content=\"https:\/\/karmapa-education.org\/support\/\" \/>\n<meta property=\"og:site_name\" content=\"English\" \/>\n<meta property=\"article:modified_time\" content=\"2023-07-21T04:14:18+00:00\" \/>\n<meta property=\"og:image\" content=\"https:\/\/www.paypalobjects.com\/de_DE\/i\/scr\/pixel.gif\" \/>\n<meta name=\"twitter:card\" content=\"summary_large_image\" \/>\n<meta name=\"twitter:label1\" content=\"Gesch\u00e4tzte Lesezeit\" \/>\n\t<meta name=\"twitter:data1\" content=\"4\u00a0Minuten\" \/>\n<script type=\"application\/ld+json\" class=\"yoast-schema-graph\">{\"@context\":\"https:\\\/\\\/schema.org\",\"@graph\":[{\"@type\":\"WebPage\",\"@id\":\"https:\\\/\\\/karmapa-education.org\\\/support\\\/\",\"url\":\"https:\\\/\\\/karmapa-education.org\\\/support\\\/\",\"name\":\"Unterst\u00fctzung - English\",\"isPartOf\":{\"@id\":\"https:\\\/\\\/karmapa-education.org\\\/#website\"},\"primaryImageOfPage\":{\"@id\":\"https:\\\/\\\/karmapa-education.org\\\/support\\\/#primaryimage\"},\"image\":{\"@id\":\"https:\\\/\\\/karmapa-education.org\\\/support\\\/#primaryimage\"},\"thumbnailUrl\":\"https:\\\/\\\/www.paypalobjects.com\\\/de_DE\\\/i\\\/scr\\\/pixel.gif\",\"datePublished\":\"2016-06-16T17:33:25+00:00\",\"dateModified\":\"2023-07-21T04:14:18+00:00\",\"breadcrumb\":{\"@id\":\"https:\\\/\\\/karmapa-education.org\\\/support\\\/#breadcrumb\"},\"inLanguage\":\"de\",\"potentialAction\":[{\"@type\":\"ReadAction\",\"target\":[\"https:\\\/\\\/karmapa-education.org\\\/support\\\/\"]}]},{\"@type\":\"ImageObject\",\"inLanguage\":\"de\",\"@id\":\"https:\\\/\\\/karmapa-education.org\\\/support\\\/#primaryimage\",\"url\":\"https:\\\/\\\/www.paypalobjects.com\\\/de_DE\\\/i\\\/scr\\\/pixel.gif\",\"contentUrl\":\"https:\\\/\\\/www.paypalobjects.com\\\/de_DE\\\/i\\\/scr\\\/pixel.gif\"},{\"@type\":\"BreadcrumbList\",\"@id\":\"https:\\\/\\\/karmapa-education.org\\\/support\\\/#breadcrumb\",\"itemListElement\":[{\"@type\":\"ListItem\",\"position\":1,\"name\":\"Startseite\",\"item\":\"https:\\\/\\\/karmapa-education.org\\\/\"},{\"@type\":\"ListItem\",\"position\":2,\"name\":\"Support\"}]},{\"@type\":\"WebSite\",\"@id\":\"https:\\\/\\\/karmapa-education.org\\\/#website\",\"url\":\"https:\\\/\\\/karmapa-education.org\\\/\",\"name\":\"English\",\"description\":\"English\",\"potentialAction\":[{\"@type\":\"SearchAction\",\"target\":{\"@type\":\"EntryPoint\",\"urlTemplate\":\"https:\\\/\\\/karmapa-education.org\\\/?s={search_term_string}\"},\"query-input\":{\"@type\":\"PropertyValueSpecification\",\"valueRequired\":true,\"valueName\":\"search_term_string\"}}],\"inLanguage\":\"de\"}]}<\/script>\n<!-- \/ Yoast SEO plugin. -->","yoast_head_json":{"title":"Unterst\u00fctzung - English","robots":{"index":"index","follow":"follow","max-snippet":"max-snippet:-1","max-image-preview":"max-image-preview:large","max-video-preview":"max-video-preview:-1"},"canonical":"https:\/\/karmapa-education.org\/support\/","og_locale":"de_DE","og_type":"article","og_title":"Unterst\u00fctzung - English","og_url":"https:\/\/karmapa-education.org\/support\/","og_site_name":"English","article_modified_time":"2023-07-21T04:14:18+00:00","og_image":[{"url":"https:\/\/www.paypalobjects.com\/de_DE\/i\/scr\/pixel.gif","type":"","width":"","height":""}],"twitter_card":"summary_large_image","twitter_misc":{"Gesch\u00e4tzte Lesezeit":"4\u00a0Minuten"},"schema":{"@context":"https:\/\/schema.org","@graph":[{"@type":"WebPage","@id":"https:\/\/karmapa-education.org\/support\/","url":"https:\/\/karmapa-education.org\/support\/","name":"Unterst\u00fctzung - English","isPartOf":{"@id":"https:\/\/karmapa-education.org\/#website"},"primaryImageOfPage":{"@id":"https:\/\/karmapa-education.org\/support\/#primaryimage"},"image":{"@id":"https:\/\/karmapa-education.org\/support\/#primaryimage"},"thumbnailUrl":"https:\/\/www.paypalobjects.com\/de_DE\/i\/scr\/pixel.gif","datePublished":"2016-06-16T17:33:25+00:00","dateModified":"2023-07-21T04:14:18+00:00","breadcrumb":{"@id":"https:\/\/karmapa-education.org\/support\/#breadcrumb"},"inLanguage":"de","potentialAction":[{"@type":"ReadAction","target":["https:\/\/karmapa-education.org\/support\/"]}]},{"@type":"ImageObject","inLanguage":"de","@id":"https:\/\/karmapa-education.org\/support\/#primaryimage","url":"https:\/\/www.paypalobjects.com\/de_DE\/i\/scr\/pixel.gif","contentUrl":"https:\/\/www.paypalobjects.com\/de_DE\/i\/scr\/pixel.gif"},{"@type":"BreadcrumbList","@id":"https:\/\/karmapa-education.org\/support\/#breadcrumb","itemListElement":[{"@type":"ListItem","position":1,"name":"Startseite","item":"https:\/\/karmapa-education.org\/"},{"@type":"ListItem","position":2,"name":"Support"}]},{"@type":"WebSite","@id":"https:\/\/karmapa-education.org\/#website","url":"https:\/\/karmapa-education.org\/","name":"English","description":"English","potentialAction":[{"@type":"SearchAction","target":{"@type":"EntryPoint","urlTemplate":"https:\/\/karmapa-education.org\/?s={search_term_string}"},"query-input":{"@type":"PropertyValueSpecification","valueRequired":true,"valueName":"search_term_string"}}],"inLanguage":"de"}]}},"_links":{"self":[{"href":"https:\/\/karmapa-education.org\/de\/wp-json\/wp\/v2\/pages\/400","targetHints":{"allow":["GET"]}}],"collection":[{"href":"https:\/\/karmapa-education.org\/de\/wp-json\/wp\/v2\/pages"}],"about":[{"href":"https:\/\/karmapa-education.org\/de\/wp-json\/wp\/v2\/types\/page"}],"author":[{"embeddable":true,"href":"https:\/\/karmapa-education.org\/de\/wp-json\/wp\/v2\/users\/1"}],"replies":[{"embeddable":true,"href":"https:\/\/karmapa-education.org\/de\/wp-json\/wp\/v2\/comments?post=400"}],"version-history":[{"count":216,"href":"https:\/\/karmapa-education.org\/de\/wp-json\/wp\/v2\/pages\/400\/revisions"}],"predecessor-version":[{"id":14516,"href":"https:\/\/karmapa-education.org\/de\/wp-json\/wp\/v2\/pages\/400\/revisions\/14516"}],"wp:attachment":[{"href":"https:\/\/karmapa-education.org\/de\/wp-json\/wp\/v2\/media?parent=400"}],"curies":[{"name":"wp","href":"https:\/\/api.w.org\/{rel}","templated":true}]}}