{"id":4038,"date":"2019-03-25T12:24:49","date_gmt":"2019-03-25T12:24:49","guid":{"rendered":"http:\/\/test.karmapa-education.org\/?page_id=4038"},"modified":"2019-05-18T01:18:03","modified_gmt":"2019-05-18T01:18:03","slug":"imprint","status":"publish","type":"page","link":"https:\/\/karmapa-education.org\/de\/imprint\/","title":{"rendered":"Impressum"},"content":{"rendered":"<h1>Impressum<\/h1>\n<h3>Angaben gem\u00e4\u00df \u00a7 5 TMG:<\/h3>\n<p>Karmapa Indo-Tibetology School e. V.<br \/>\nLeopoldstr. 27<br \/>\n76337 Waldbronn<br \/>\nGermany<\/p>\n<h3>Vertreten durch:<\/h3>\n<p>Diane Brodkorb<\/p>\n<p>(1. Vorsitzende, zugleich verantwortlich f\u00fcr den Inhalt der Webseite gem\u00e4\u00df \u00a7 55 Abs. 2 RStV)<\/p>\n<h3>Registereintrag:<\/h3>\n<p>Eintragung im Vereinsregister des Amtsgerichts Karlsruhe-Durlach Registernummer: VR 120637<\/p>\n<h3>Kontakt:<\/h3>\n<p>E-Mail: info@karmapa-education.org<\/p>\n<h3>Webmaster:<\/h3>\n<p>K. Uhlenbrok, webmaster@karmapa-education.org<br \/>\n(Ansprechpartner bei technischen Problemen, Fragen oder Anregungen zur Website)<\/p>\n","protected":false},"excerpt":{"rendered":"<p>Impressum Angaben gem\u00e4\u00df \u00a7 5 TMG: Karmapa Indo-Tibetology School e. V. Leopoldstr. 27 76337 Waldbronn Germany Vertreten durch: Diane Brodkorb (1. Vorsitzende, zugleich verantwortlich f\u00fcr den Inhalt der Webseite gem\u00e4\u00df \u00a7 55 Abs. 2 RStV) Registereintrag: Eintragung im Vereinsregister des Amtsgerichts Karlsruhe-Durlach Registernummer: VR 120637 Kontakt: E-Mail: info@karmapa-education.org Webmaster: K. Uhlenbrok, webmaster@karmapa-education.org (Ansprechpartner bei technischen Problemen, Fragen oder Anregungen zur Website)<\/p>\n","protected":false},"author":3,"featured_media":0,"parent":0,"menu_order":0,"comment_status":"closed","ping_status":"closed","template":"","meta":{"_acf_changed":false,"footnotes":""},"class_list":["post-4038","page","type-page","status-publish","hentry"],"translation":{"provider":"WPGlobus","version":"3.0.2","language":"de","enabled_languages":["en","de"],"languages":{"en":{"title":true,"content":true,"excerpt":false},"de":{"title":true,"content":true,"excerpt":false}}},"acf":[],"yoast_head":"<!-- This site is optimized with the Yoast SEO plugin v27.3 - https:\/\/yoast.com\/product\/yoast-seo-wordpress\/ -->\n<title>Impressum - English<\/title>\n<meta name=\"robots\" content=\"index, follow, max-snippet:-1, max-image-preview:large, max-video-preview:-1\" \/>\n<link rel=\"canonical\" href=\"https:\/\/karmapa-education.org\/imprint\/\" \/>\n<meta property=\"og:locale\" content=\"de_DE\" \/>\n<meta property=\"og:type\" content=\"article\" \/>\n<meta property=\"og:title\" content=\"Impressum - English\" \/>\n<meta property=\"og:url\" content=\"https:\/\/karmapa-education.org\/imprint\/\" \/>\n<meta property=\"og:site_name\" content=\"English\" \/>\n<meta property=\"article:modified_time\" content=\"2019-05-18T01:18:03+00:00\" \/>\n<meta name=\"twitter:card\" content=\"summary_large_image\" \/>\n<meta name=\"twitter:label1\" content=\"Gesch\u00e4tzte Lesezeit\" \/>\n\t<meta name=\"twitter:data1\" content=\"1\u00a0Minute\" \/>\n<script type=\"application\/ld+json\" class=\"yoast-schema-graph\">{\"@context\":\"https:\\\/\\\/schema.org\",\"@graph\":[{\"@type\":\"WebPage\",\"@id\":\"https:\\\/\\\/karmapa-education.org\\\/imprint\\\/\",\"url\":\"https:\\\/\\\/karmapa-education.org\\\/imprint\\\/\",\"name\":\"Impressum - English\",\"isPartOf\":{\"@id\":\"https:\\\/\\\/karmapa-education.org\\\/#website\"},\"datePublished\":\"2019-03-25T12:24:49+00:00\",\"dateModified\":\"2019-05-18T01:18:03+00:00\",\"breadcrumb\":{\"@id\":\"https:\\\/\\\/karmapa-education.org\\\/imprint\\\/#breadcrumb\"},\"inLanguage\":\"de\",\"potentialAction\":[{\"@type\":\"ReadAction\",\"target\":[\"https:\\\/\\\/karmapa-education.org\\\/imprint\\\/\"]}]},{\"@type\":\"BreadcrumbList\",\"@id\":\"https:\\\/\\\/karmapa-education.org\\\/imprint\\\/#breadcrumb\",\"itemListElement\":[{\"@type\":\"ListItem\",\"position\":1,\"name\":\"Startseite\",\"item\":\"https:\\\/\\\/karmapa-education.org\\\/\"},{\"@type\":\"ListItem\",\"position\":2,\"name\":\"Imprint\"}]},{\"@type\":\"WebSite\",\"@id\":\"https:\\\/\\\/karmapa-education.org\\\/#website\",\"url\":\"https:\\\/\\\/karmapa-education.org\\\/\",\"name\":\"English\",\"description\":\"English\",\"potentialAction\":[{\"@type\":\"SearchAction\",\"target\":{\"@type\":\"EntryPoint\",\"urlTemplate\":\"https:\\\/\\\/karmapa-education.org\\\/?s={search_term_string}\"},\"query-input\":{\"@type\":\"PropertyValueSpecification\",\"valueRequired\":true,\"valueName\":\"search_term_string\"}}],\"inLanguage\":\"de\"}]}<\/script>\n<!-- \/ Yoast SEO plugin. -->","yoast_head_json":{"title":"Impressum - English","robots":{"index":"index","follow":"follow","max-snippet":"max-snippet:-1","max-image-preview":"max-image-preview:large","max-video-preview":"max-video-preview:-1"},"canonical":"https:\/\/karmapa-education.org\/imprint\/","og_locale":"de_DE","og_type":"article","og_title":"Impressum - English","og_url":"https:\/\/karmapa-education.org\/imprint\/","og_site_name":"English","article_modified_time":"2019-05-18T01:18:03+00:00","twitter_card":"summary_large_image","twitter_misc":{"Gesch\u00e4tzte Lesezeit":"1\u00a0Minute"},"schema":{"@context":"https:\/\/schema.org","@graph":[{"@type":"WebPage","@id":"https:\/\/karmapa-education.org\/imprint\/","url":"https:\/\/karmapa-education.org\/imprint\/","name":"Impressum - English","isPartOf":{"@id":"https:\/\/karmapa-education.org\/#website"},"datePublished":"2019-03-25T12:24:49+00:00","dateModified":"2019-05-18T01:18:03+00:00","breadcrumb":{"@id":"https:\/\/karmapa-education.org\/imprint\/#breadcrumb"},"inLanguage":"de","potentialAction":[{"@type":"ReadAction","target":["https:\/\/karmapa-education.org\/imprint\/"]}]},{"@type":"BreadcrumbList","@id":"https:\/\/karmapa-education.org\/imprint\/#breadcrumb","itemListElement":[{"@type":"ListItem","position":1,"name":"Startseite","item":"https:\/\/karmapa-education.org\/"},{"@type":"ListItem","position":2,"name":"Imprint"}]},{"@type":"WebSite","@id":"https:\/\/karmapa-education.org\/#website","url":"https:\/\/karmapa-education.org\/","name":"English","description":"English","potentialAction":[{"@type":"SearchAction","target":{"@type":"EntryPoint","urlTemplate":"https:\/\/karmapa-education.org\/?s={search_term_string}"},"query-input":{"@type":"PropertyValueSpecification","valueRequired":true,"valueName":"search_term_string"}}],"inLanguage":"de"}]}},"_links":{"self":[{"href":"https:\/\/karmapa-education.org\/de\/wp-json\/wp\/v2\/pages\/4038","targetHints":{"allow":["GET"]}}],"collection":[{"href":"https:\/\/karmapa-education.org\/de\/wp-json\/wp\/v2\/pages"}],"about":[{"href":"https:\/\/karmapa-education.org\/de\/wp-json\/wp\/v2\/types\/page"}],"author":[{"embeddable":true,"href":"https:\/\/karmapa-education.org\/de\/wp-json\/wp\/v2\/users\/3"}],"replies":[{"embeddable":true,"href":"https:\/\/karmapa-education.org\/de\/wp-json\/wp\/v2\/comments?post=4038"}],"version-history":[{"count":6,"href":"https:\/\/karmapa-education.org\/de\/wp-json\/wp\/v2\/pages\/4038\/revisions"}],"predecessor-version":[{"id":5474,"href":"https:\/\/karmapa-education.org\/de\/wp-json\/wp\/v2\/pages\/4038\/revisions\/5474"}],"wp:attachment":[{"href":"https:\/\/karmapa-education.org\/de\/wp-json\/wp\/v2\/media?parent=4038"}],"curies":[{"name":"wp","href":"https:\/\/api.w.org\/{rel}","templated":true}]}}