{"id":433,"date":"2016-06-16T18:57:52","date_gmt":"2016-06-16T18:57:52","guid":{"rendered":"http:\/\/www.sabassociation.org\/testsite\/?page_id=433"},"modified":"2023-03-07T14:16:39","modified_gmt":"2023-03-07T14:16:39","slug":"about-us","status":"publish","type":"page","link":"https:\/\/karmapa-education.org\/de\/about-kce\/about-us\/","title":{"rendered":"\u00dcber uns"},"content":{"rendered":"<h1>Unser Team<\/h1>\n<p>Das Karmapa Center of Education wird von einem internationalen Team gef\u00fchrt. Sie \u00fcbernehmen alle Leitungs- und Verwaltungsaufgaben sowie die Sicherstellung von Versorgung und Unterhalt der Schule.<\/p>\n<p>Unterst\u00fctzt werden sie dabei von einem Netzwerk externer ehrenamtlicher Fachkr\u00e4fte. Die M\u00f6nche unterrichten au\u00dferdem Tibetisch und f\u00fchren die Kinder an die buddhistische Lehre und Rituale heran.<\/p>\n<p>Jeder in diesem Team tr\u00e4gt dazu bei, Karmapas Vision umzusetzen und das KCE zu einer vorz\u00fcglichen Schule sowie einer lebendigen buddhistischen Gemeinschaft zu machen.<\/p>\n<p>&nbsp;<\/p>\n\n\t\t<style type=\"text\/css\">\n\t\t\t#gallery-1 {\n\t\t\t\tmargin: auto;\n\t\t\t}\n\t\t\t#gallery-1 .gallery-item {\n\t\t\t\tfloat: left;\n\t\t\t\tmargin-top: 10px;\n\t\t\t\ttext-align: center;\n\t\t\t\twidth: 100%;\n\t\t\t}\n\t\t\t#gallery-1 img {\n\t\t\t\tborder: 2px solid #cfcfcf;\n\t\t\t}\n\t\t\t#gallery-1 .gallery-caption {\n\t\t\t\tmargin-left: 0;\n\t\t\t}\n\t\t\t\/* see gallery_shortcode() in wp-includes\/media.php *\/\n\t\t<\/style>\n\t\t<div id='gallery-1' class='gallery galleryid-433 gallery-columns-1 gallery-size-'><span class='gallery-item'>\n\t\t\t<span class='gallery-icon landscape'>\n\t\t\t\t<img loading=\"lazy\" decoding=\"async\" width=\"1920\" height=\"1280\" src=\"https:\/\/karmapa-education.org\/wp-content\/uploads\/DSC07905-1.jpg\" class=\"attachment- size-\" alt=\"\" srcset=\"https:\/\/karmapa-education.org\/wp-content\/uploads\/DSC07905-1.jpg 1920w, https:\/\/karmapa-education.org\/wp-content\/uploads\/DSC07905-1-600x400.jpg 600w, https:\/\/karmapa-education.org\/wp-content\/uploads\/DSC07905-1-1024x682.jpg 1024w, https:\/\/karmapa-education.org\/wp-content\/uploads\/DSC07905-1-768x512.jpg 768w, https:\/\/karmapa-education.org\/wp-content\/uploads\/DSC07905-1-1536x1024.jpg 1536w, https:\/\/karmapa-education.org\/wp-content\/uploads\/DSC07905-1-533x355.jpg 533w\" sizes=\"auto, (max-width: 1920px) 100vw, 1920px\" \/>\n\t\t\t<\/span><\/span><br style=\"clear: both\" \/>\n\t\t<\/div>\n\n<p>&nbsp;<\/p>\n<p><em>(von links nach rechts: Switi, Mamta, Pema, Tsewang, Tsultrim Sonam, Jinpa, Dolsan, Anita, Sonam Dema, Bagya (down) Dargay und Diane)<\/em><\/p>\n<p>&nbsp;<\/p>\n","protected":false},"excerpt":{"rendered":"<p>Unser Team Das Karmapa Center of Education wird von einem internationalen Team gef\u00fchrt. Sie \u00fcbernehmen alle Leitungs- und Verwaltungsaufgaben sowie die Sicherstellung von Versorgung und Unterhalt der Schule. Unterst\u00fctzt werden sie dabei von einem Netzwerk externer ehrenamtlicher Fachkr\u00e4fte. Die M\u00f6nche unterrichten au\u00dferdem Tibetisch und f\u00fchren die Kinder an die buddhistische Lehre und Rituale heran. Jeder in diesem Team tr\u00e4gt dazu bei, Karmapas Vision umzusetzen und das KCE zu einer vorz\u00fcglichen Schule sowie einer lebendigen buddhistischen Gemeinschaft zu machen. &nbsp; &nbsp; (von links nach rechts: Switi, Mamta, Pema, Tsewang, Tsultrim Sonam, Jinpa, Dolsan, Anita, Sonam Dema, Bagya (down) Dargay und Diane) &nbsp;<\/p>\n","protected":false},"author":1,"featured_media":0,"parent":398,"menu_order":4,"comment_status":"closed","ping_status":"closed","template":"","meta":{"_acf_changed":false,"footnotes":""},"class_list":["post-433","page","type-page","status-publish","hentry"],"translation":{"provider":"WPGlobus","version":"3.0.2","language":"de","enabled_languages":["en","de"],"languages":{"en":{"title":true,"content":true,"excerpt":false},"de":{"title":true,"content":true,"excerpt":false}}},"acf":[],"yoast_head":"<!-- This site is optimized with the Yoast SEO plugin v27.3 - https:\/\/yoast.com\/product\/yoast-seo-wordpress\/ -->\n<title>\u00dcber uns - English<\/title>\n<meta name=\"robots\" content=\"index, follow, max-snippet:-1, max-image-preview:large, max-video-preview:-1\" \/>\n<link rel=\"canonical\" href=\"https:\/\/karmapa-education.org\/about-kce\/about-us\/\" \/>\n<meta property=\"og:locale\" content=\"de_DE\" \/>\n<meta property=\"og:type\" content=\"article\" \/>\n<meta property=\"og:title\" content=\"\u00dcber uns - English\" \/>\n<meta property=\"og:url\" content=\"https:\/\/karmapa-education.org\/about-kce\/about-us\/\" \/>\n<meta property=\"og:site_name\" content=\"English\" \/>\n<meta property=\"article:modified_time\" content=\"2023-03-07T14:16:39+00:00\" \/>\n<meta property=\"og:image\" content=\"https:\/\/karmapa-education.org\/wp-content\/uploads\/DSC07905-1.jpg\" \/>\n<meta name=\"twitter:card\" content=\"summary_large_image\" \/>\n<meta name=\"twitter:label1\" content=\"Gesch\u00e4tzte Lesezeit\" \/>\n\t<meta name=\"twitter:data1\" content=\"1\u00a0Minute\" \/>\n<script type=\"application\/ld+json\" class=\"yoast-schema-graph\">{\"@context\":\"https:\\\/\\\/schema.org\",\"@graph\":[{\"@type\":\"WebPage\",\"@id\":\"https:\\\/\\\/karmapa-education.org\\\/about-kce\\\/about-us\\\/\",\"url\":\"https:\\\/\\\/karmapa-education.org\\\/about-kce\\\/about-us\\\/\",\"name\":\"\u00dcber uns - English\",\"isPartOf\":{\"@id\":\"https:\\\/\\\/karmapa-education.org\\\/#website\"},\"datePublished\":\"2016-06-16T18:57:52+00:00\",\"dateModified\":\"2023-03-07T14:16:39+00:00\",\"breadcrumb\":{\"@id\":\"https:\\\/\\\/karmapa-education.org\\\/about-kce\\\/about-us\\\/#breadcrumb\"},\"inLanguage\":\"de\",\"potentialAction\":[{\"@type\":\"ReadAction\",\"target\":[\"https:\\\/\\\/karmapa-education.org\\\/about-kce\\\/about-us\\\/\"]}]},{\"@type\":\"BreadcrumbList\",\"@id\":\"https:\\\/\\\/karmapa-education.org\\\/about-kce\\\/about-us\\\/#breadcrumb\",\"itemListElement\":[{\"@type\":\"ListItem\",\"position\":1,\"name\":\"Startseite\",\"item\":\"https:\\\/\\\/karmapa-education.org\\\/\"},{\"@type\":\"ListItem\",\"position\":2,\"name\":\"About KCE\",\"item\":\"https:\\\/\\\/karmapa-education.org\\\/about-kce\\\/\"},{\"@type\":\"ListItem\",\"position\":3,\"name\":\"About us\"}]},{\"@type\":\"WebSite\",\"@id\":\"https:\\\/\\\/karmapa-education.org\\\/#website\",\"url\":\"https:\\\/\\\/karmapa-education.org\\\/\",\"name\":\"English\",\"description\":\"English\",\"potentialAction\":[{\"@type\":\"SearchAction\",\"target\":{\"@type\":\"EntryPoint\",\"urlTemplate\":\"https:\\\/\\\/karmapa-education.org\\\/?s={search_term_string}\"},\"query-input\":{\"@type\":\"PropertyValueSpecification\",\"valueRequired\":true,\"valueName\":\"search_term_string\"}}],\"inLanguage\":\"de\"}]}<\/script>\n<!-- \/ Yoast SEO plugin. -->","yoast_head_json":{"title":"\u00dcber uns - English","robots":{"index":"index","follow":"follow","max-snippet":"max-snippet:-1","max-image-preview":"max-image-preview:large","max-video-preview":"max-video-preview:-1"},"canonical":"https:\/\/karmapa-education.org\/about-kce\/about-us\/","og_locale":"de_DE","og_type":"article","og_title":"\u00dcber uns - English","og_url":"https:\/\/karmapa-education.org\/about-kce\/about-us\/","og_site_name":"English","article_modified_time":"2023-03-07T14:16:39+00:00","og_image":[{"url":"https:\/\/karmapa-education.org\/wp-content\/uploads\/DSC07905-1.jpg","type":"","width":"","height":""}],"twitter_card":"summary_large_image","twitter_misc":{"Gesch\u00e4tzte Lesezeit":"1\u00a0Minute"},"schema":{"@context":"https:\/\/schema.org","@graph":[{"@type":"WebPage","@id":"https:\/\/karmapa-education.org\/about-kce\/about-us\/","url":"https:\/\/karmapa-education.org\/about-kce\/about-us\/","name":"\u00dcber uns - English","isPartOf":{"@id":"https:\/\/karmapa-education.org\/#website"},"datePublished":"2016-06-16T18:57:52+00:00","dateModified":"2023-03-07T14:16:39+00:00","breadcrumb":{"@id":"https:\/\/karmapa-education.org\/about-kce\/about-us\/#breadcrumb"},"inLanguage":"de","potentialAction":[{"@type":"ReadAction","target":["https:\/\/karmapa-education.org\/about-kce\/about-us\/"]}]},{"@type":"BreadcrumbList","@id":"https:\/\/karmapa-education.org\/about-kce\/about-us\/#breadcrumb","itemListElement":[{"@type":"ListItem","position":1,"name":"Startseite","item":"https:\/\/karmapa-education.org\/"},{"@type":"ListItem","position":2,"name":"About KCE","item":"https:\/\/karmapa-education.org\/about-kce\/"},{"@type":"ListItem","position":3,"name":"About us"}]},{"@type":"WebSite","@id":"https:\/\/karmapa-education.org\/#website","url":"https:\/\/karmapa-education.org\/","name":"English","description":"English","potentialAction":[{"@type":"SearchAction","target":{"@type":"EntryPoint","urlTemplate":"https:\/\/karmapa-education.org\/?s={search_term_string}"},"query-input":{"@type":"PropertyValueSpecification","valueRequired":true,"valueName":"search_term_string"}}],"inLanguage":"de"}]}},"_links":{"self":[{"href":"https:\/\/karmapa-education.org\/de\/wp-json\/wp\/v2\/pages\/433","targetHints":{"allow":["GET"]}}],"collection":[{"href":"https:\/\/karmapa-education.org\/de\/wp-json\/wp\/v2\/pages"}],"about":[{"href":"https:\/\/karmapa-education.org\/de\/wp-json\/wp\/v2\/types\/page"}],"author":[{"embeddable":true,"href":"https:\/\/karmapa-education.org\/de\/wp-json\/wp\/v2\/users\/1"}],"replies":[{"embeddable":true,"href":"https:\/\/karmapa-education.org\/de\/wp-json\/wp\/v2\/comments?post=433"}],"version-history":[{"count":106,"href":"https:\/\/karmapa-education.org\/de\/wp-json\/wp\/v2\/pages\/433\/revisions"}],"predecessor-version":[{"id":13768,"href":"https:\/\/karmapa-education.org\/de\/wp-json\/wp\/v2\/pages\/433\/revisions\/13768"}],"up":[{"embeddable":true,"href":"https:\/\/karmapa-education.org\/de\/wp-json\/wp\/v2\/pages\/398"}],"wp:attachment":[{"href":"https:\/\/karmapa-education.org\/de\/wp-json\/wp\/v2\/media?parent=433"}],"curies":[{"name":"wp","href":"https:\/\/api.w.org\/{rel}","templated":true}]}}