{"id":459,"date":"2016-06-17T14:14:41","date_gmt":"2016-06-17T14:14:41","guid":{"rendered":"http:\/\/www.sabassociation.org\/testsite\/?page_id=459"},"modified":"2024-07-04T14:50:30","modified_gmt":"2024-07-04T14:50:30","slug":"facilities","status":"publish","type":"page","link":"https:\/\/karmapa-education.org\/de\/about-kce\/facilities\/","title":{"rendered":"Das Gesamtkonzept"},"content":{"rendered":"<p>KCE sieht R\u00e4umlichkeiten f\u00fcr etwa 100 Studenten, eine monastische Sangha und G\u00e4ste aus der ganzen Welt vor. Da Kunst und Handwerk eine wichtige Rolle im Lehrplan spielen, sind K\u00fcnstlerworkshops Teil der Aktivit\u00e4ten des KCE.<\/p>\n<ul>\n<li>ein traditionell buddhistischer Tempel<\/li>\n<li>Vorschul-, Grund- und Sekundarschuleinrichtungen<\/li>\n<li>die Dharma-Bibliothek und<\/li>\n<li>K\u00fcnstlerwerkst\u00e4tten<\/li>\n<\/ul>\n<p>Das weitl\u00e4ufige Grundst\u00fcck erstreckt sich \u00fcber 7 Hektar und bietet ausreichend Platz f\u00fcr alle Geb\u00e4ude, einen Sportplatz, sowie landwirtschaftliche und naturbelassene bewaldete Fl\u00e4chen. Das KCE befindet sich in Kalimpong, einer Bergstation im indischen Himalaya.<\/p>\n<table style=\"border-collapse: collapse; width: 100%;\">\n<tbody>\n<tr>\n<td style=\"width: 59.896433%;\"><img loading=\"lazy\" decoding=\"async\" class=\"alignnone wp-image-16126\" src=\"https:\/\/karmapa-education.org\/wp-content\/uploads\/Complete-Masterplan_without-text-389x400.jpg\" alt=\"\" width=\"499\" height=\"513\" srcset=\"https:\/\/karmapa-education.org\/wp-content\/uploads\/Complete-Masterplan_without-text-389x400.jpg 389w, https:\/\/karmapa-education.org\/wp-content\/uploads\/Complete-Masterplan_without-text-995x1024.jpg 995w, https:\/\/karmapa-education.org\/wp-content\/uploads\/Complete-Masterplan_without-text-768x791.jpg 768w, https:\/\/karmapa-education.org\/wp-content\/uploads\/Complete-Masterplan_without-text-1492x1536.jpg 1492w, https:\/\/karmapa-education.org\/wp-content\/uploads\/Complete-Masterplan_without-text.jpg 1833w\" sizes=\"auto, (max-width: 499px) 100vw, 499px\" \/><\/td>\n<td style=\"width: 40.103567%;\"><img loading=\"lazy\" decoding=\"async\" class=\"alignnone wp-image-16125\" src=\"https:\/\/karmapa-education.org\/wp-content\/uploads\/Complete-masterplan-text-294x400.jpg\" alt=\"\" width=\"233\" height=\"317\" srcset=\"https:\/\/karmapa-education.org\/wp-content\/uploads\/Complete-masterplan-text-294x400.jpg 294w, https:\/\/karmapa-education.org\/wp-content\/uploads\/Complete-masterplan-text.jpg 594w\" sizes=\"auto, (max-width: 233px) 100vw, 233px\" \/><\/td>\n<\/tr>\n<\/tbody>\n<\/table>\n<p>&nbsp;<\/p>\n<h2><strong>\u2192<\/strong> Ablauf der Bauphasen:<\/h2>\n<p><strong><span lang=\"EN-GB\">2013 bis 2017: Geb\u00e4ude der ersten Bauphase <\/span><\/strong><\/p>\n<p>Der erste Bauabschnitt mit drei Geb\u00e4uden (A, B, C), in dem die Klassenr\u00e4ume der Vor- und Grundschule sowie Wohnr\u00e4ume f\u00fcr das Arbeitsteam und die Sch\u00fcler untergebracht sind, ist abgeschlossen.<\/p>\n<p><img loading=\"lazy\" decoding=\"async\" class=\"wp-image-16131 aligncenter\" src=\"https:\/\/karmapa-education.org\/wp-content\/uploads\/IMG_6569-600x316.jpg\" alt=\"\" width=\"853\" height=\"449\" srcset=\"https:\/\/karmapa-education.org\/wp-content\/uploads\/IMG_6569-600x316.jpg 600w, https:\/\/karmapa-education.org\/wp-content\/uploads\/IMG_6569-1024x539.jpg 1024w, https:\/\/karmapa-education.org\/wp-content\/uploads\/IMG_6569-768x404.jpg 768w, https:\/\/karmapa-education.org\/wp-content\/uploads\/IMG_6569-1536x808.jpg 1536w, https:\/\/karmapa-education.org\/wp-content\/uploads\/IMG_6569-2048x1077.jpg 2048w, https:\/\/karmapa-education.org\/wp-content\/uploads\/IMG_6569-533x280.jpg 533w, https:\/\/karmapa-education.org\/wp-content\/uploads\/IMG_6569-scaled.jpg 1920w\" sizes=\"auto, (max-width: 853px) 100vw, 853px\" \/><\/p>\n<p>&nbsp;<\/p>\n<p><span lang=\"EN-GB\"><strong>2017 bis 2019: \u00a0In der zweiten Bauphase<\/strong> wurde das Verwaltungsgeb\u00e4ude fertiggestellt, in dem der Tempelraum, der Speisesaal, die Gro\u00dfk\u00fcche und die Verwaltungsb\u00fcros untergebracht sind.<\/span><\/p>\n<p><img loading=\"lazy\" decoding=\"async\" class=\"wp-image-16128 aligncenter\" src=\"https:\/\/karmapa-education.org\/wp-content\/uploads\/IMG_0484.-cropped-600x308.jpg\" alt=\"\" width=\"855\" height=\"439\" srcset=\"https:\/\/karmapa-education.org\/wp-content\/uploads\/IMG_0484.-cropped-600x308.jpg 600w, https:\/\/karmapa-education.org\/wp-content\/uploads\/IMG_0484.-cropped-768x394.jpg 768w, https:\/\/karmapa-education.org\/wp-content\/uploads\/IMG_0484.-cropped-533x273.jpg 533w, https:\/\/karmapa-education.org\/wp-content\/uploads\/IMG_0484.-cropped.jpg 1000w\" sizes=\"auto, (max-width: 855px) 100vw, 855px\" \/><\/p>\n<h3><\/h3>\n<p>&nbsp;<\/p>\n<p><strong>2019 \u2013 2023: R\u00e4umlichkeiten der dritten Bauphase\u00a0<\/strong><\/p>\n<p>Der dritte Bauabschnitt wurde 2023 mit R\u00e4umlichkeiten f\u00fcr die neue Dharma-Bibliothek und weiteren Unterk\u00fcnften abgeschlossen.<\/p>\n<p><img loading=\"lazy\" decoding=\"async\" class=\"alignnone wp-image-16129\" src=\"https:\/\/karmapa-education.org\/wp-content\/uploads\/IMG_6481-1-600x338.jpg\" alt=\"\" width=\"847\" height=\"477\" srcset=\"https:\/\/karmapa-education.org\/wp-content\/uploads\/IMG_6481-1-600x338.jpg 600w, https:\/\/karmapa-education.org\/wp-content\/uploads\/IMG_6481-1-1024x576.jpg 1024w, https:\/\/karmapa-education.org\/wp-content\/uploads\/IMG_6481-1-768x432.jpg 768w, https:\/\/karmapa-education.org\/wp-content\/uploads\/IMG_6481-1-533x300.jpg 533w, https:\/\/karmapa-education.org\/wp-content\/uploads\/IMG_6481-1.jpg 1500w\" sizes=\"auto, (max-width: 847px) 100vw, 847px\" \/><\/p>\n<p>&nbsp;<\/p>\n<p><strong>Buddhistische B\u00fccherei (geplante Er\u00f6ffnung Ende 2024)<\/strong><br \/>\nDas KCE ist dabei, eine Bibliothek mit dem gesamten Kangyur und Tengyur, Dharma-Literatur in tibetischer und westlicher Sprache sowie eine Abteilung f\u00fcr Sekundarsch\u00fcler einzurichten.<\/p>\n<h3><img loading=\"lazy\" decoding=\"async\" class=\"alignnone wp-image-16132\" src=\"https:\/\/karmapa-education.org\/wp-content\/uploads\/IMG_3062-600x338.jpg\" alt=\"\" width=\"857\" height=\"483\" srcset=\"https:\/\/karmapa-education.org\/wp-content\/uploads\/IMG_3062-600x338.jpg 600w, https:\/\/karmapa-education.org\/wp-content\/uploads\/IMG_3062-1024x576.jpg 1024w, https:\/\/karmapa-education.org\/wp-content\/uploads\/IMG_3062-768x432.jpg 768w, https:\/\/karmapa-education.org\/wp-content\/uploads\/IMG_3062-533x300.jpg 533w, https:\/\/karmapa-education.org\/wp-content\/uploads\/IMG_3062.jpg 1500w\" sizes=\"auto, (max-width: 857px) 100vw, 857px\" \/><\/h3>\n<h3><\/h3>\n<h2><\/h2>\n<h2><\/h2>\n<h2>Die Tempelanlage<\/h2>\n<h4>Der letzte Bauabschnitt:<\/h4>\n<p>Die letzte und gr\u00f6\u00dfte Bauphase umfasst ein rechteckiges 3-st\u00f6ckiges Geb\u00e4ude, in dem ein Tempel untergebracht ist, der einen zentralen Innenhof umgibt.<\/p>\n<h3>Ein zentraler Tempel bildet das Herzst\u00fcck der Anlage<\/h3>\n<p>Die Tempelhalle im obersten Stockwerk wird Platz f\u00fcr 200 Personen bieten und mit einer Buddha-Statue und einem Schrein geschm\u00fcckt sein. Der Tempel wird f\u00fcr die t\u00e4glichen Pujas genutzt, an denen die Sch\u00fcler teilnehmen, sowie f\u00fcr besondere Zeremonien.<\/p>\n<p>In dem dreist\u00f6ckigen Geb\u00e4ude werden auch die Klassenzimmer und Labors f\u00fcr die Sekundarstufe untergebracht.<\/p>\n<p>&nbsp;<\/p>\n<p><img loading=\"lazy\" decoding=\"async\" class=\"alignnone wp-image-5056\" src=\"https:\/\/karmapa-education.org\/wp-content\/uploads\/KCE_Vue_terrasse-1-600x297.jpg\" alt=\"\" width=\"925\" height=\"458\" srcset=\"https:\/\/karmapa-education.org\/wp-content\/uploads\/KCE_Vue_terrasse-1-600x297.jpg 600w, https:\/\/karmapa-education.org\/wp-content\/uploads\/KCE_Vue_terrasse-1-768x380.jpg 768w, https:\/\/karmapa-education.org\/wp-content\/uploads\/KCE_Vue_terrasse-1-1024x507.jpg 1024w, https:\/\/karmapa-education.org\/wp-content\/uploads\/KCE_Vue_terrasse-1-533x264.jpg 533w, https:\/\/karmapa-education.org\/wp-content\/uploads\/KCE_Vue_terrasse-1.jpg 1500w\" sizes=\"auto, (max-width: 925px) 100vw, 925px\" \/><\/p>\n<p>&nbsp;<\/p>\n<p>&nbsp;<\/p>\n<p><img loading=\"lazy\" decoding=\"async\" class=\"alignnone size-full wp-image-3449\" src=\"https:\/\/karmapa-education.org\/wp-content\/uploads\/plan-de-masse.jpg\" alt=\"\" width=\"1290\" height=\"1920\" srcset=\"https:\/\/karmapa-education.org\/wp-content\/uploads\/plan-de-masse.jpg 1290w, https:\/\/karmapa-education.org\/wp-content\/uploads\/plan-de-masse-269x400.jpg 269w, https:\/\/karmapa-education.org\/wp-content\/uploads\/plan-de-masse-768x1143.jpg 768w, https:\/\/karmapa-education.org\/wp-content\/uploads\/plan-de-masse-688x1024.jpg 688w\" sizes=\"auto, (max-width: 1290px) 100vw, 1290px\" \/><\/p>\n","protected":false},"excerpt":{"rendered":"<p>KCE sieht R\u00e4umlichkeiten f\u00fcr etwa 100 Studenten, eine monastische Sangha und G\u00e4ste aus der ganzen Welt vor. Da Kunst und Handwerk eine wichtige Rolle im Lehrplan spielen, sind K\u00fcnstlerworkshops Teil der Aktivit\u00e4ten des KCE. ein traditionell buddhistischer Tempel Vorschul-, Grund- und Sekundarschuleinrichtungen die Dharma-Bibliothek und K\u00fcnstlerwerkst\u00e4tten Das weitl\u00e4ufige Grundst\u00fcck erstreckt sich \u00fcber 7 Hektar und bietet ausreichend Platz f\u00fcr alle Geb\u00e4ude, einen Sportplatz, sowie landwirtschaftliche und naturbelassene bewaldete Fl\u00e4chen. Das KCE befindet sich in Kalimpong, einer Bergstation im indischen Himalaya. &nbsp; \u2192 Ablauf der Bauphasen: 2013 bis 2017: Geb\u00e4ude der ersten Bauphase Der erste Bauabschnitt mit drei Geb\u00e4uden (A, B, C), in dem die Klassenr\u00e4ume der Vor- und Grundschule sowie Wohnr\u00e4ume f\u00fcr das Arbeitsteam und die Sch\u00fcler untergebracht sind, ist abgeschlossen. &nbsp; 2017 bis 2019: \u00a0In der zweiten Bauphase wurde das Verwaltungsgeb\u00e4ude fertiggestellt, in dem der Tempelraum, der Speisesaal, die Gro\u00dfk\u00fcche und die Verwaltungsb\u00fcros untergebracht sind. &nbsp; 2019 \u2013 2023: R\u00e4umlichkeiten der dritten Bauphase\u00a0 Der dritte Bauabschnitt wurde 2023 mit R\u00e4umlichkeiten f\u00fcr die neue Dharma-Bibliothek und weiteren Unterk\u00fcnften abgeschlossen. &nbsp; Buddhistische B\u00fccherei (geplante Er\u00f6ffnung Ende 2024) Das KCE ist dabei, eine Bibliothek mit dem gesamten Kangyur und Tengyur, Dharma-Literatur in tibetischer und westlicher Sprache sowie eine Abteilung f\u00fcr Sekundarsch\u00fcler einzurichten. Die Tempelanlage Der letzte Bauabschnitt: Die letzte und gr\u00f6\u00dfte Bauphase umfasst ein rechteckiges 3-st\u00f6ckiges Geb\u00e4ude, in dem ein Tempel untergebracht ist, der einen zentralen Innenhof umgibt. Ein zentraler Tempel bildet das Herzst\u00fcck der Anlage Die Tempelhalle im obersten Stockwerk wird Platz f\u00fcr 200 Personen bieten und mit einer Buddha-Statue und einem Schrein geschm\u00fcckt sein. Der Tempel wird f\u00fcr die t\u00e4glichen Pujas genutzt, an denen die Sch\u00fcler teilnehmen, sowie f\u00fcr besondere Zeremonien. In dem dreist\u00f6ckigen Geb\u00e4ude werden auch die Klassenzimmer und Labors f\u00fcr die Sekundarstufe untergebracht. &nbsp; &nbsp; &nbsp;<\/p>\n","protected":false},"author":1,"featured_media":0,"parent":398,"menu_order":2,"comment_status":"closed","ping_status":"closed","template":"","meta":{"_acf_changed":false,"footnotes":""},"class_list":["post-459","page","type-page","status-publish","hentry"],"translation":{"provider":"WPGlobus","version":"3.0.2","language":"de","enabled_languages":["en","de"],"languages":{"en":{"title":true,"content":true,"excerpt":false},"de":{"title":true,"content":true,"excerpt":false}}},"acf":[],"yoast_head":"<!-- This site is optimized with the Yoast SEO plugin v27.3 - https:\/\/yoast.com\/product\/yoast-seo-wordpress\/ -->\n<title>Das Gesamtkonzept - English<\/title>\n<meta name=\"robots\" content=\"index, follow, max-snippet:-1, max-image-preview:large, max-video-preview:-1\" \/>\n<link rel=\"canonical\" href=\"https:\/\/karmapa-education.org\/about-kce\/facilities\/\" \/>\n<meta property=\"og:locale\" content=\"de_DE\" \/>\n<meta property=\"og:type\" content=\"article\" \/>\n<meta property=\"og:title\" content=\"Das Gesamtkonzept - English\" \/>\n<meta property=\"og:url\" content=\"https:\/\/karmapa-education.org\/about-kce\/facilities\/\" \/>\n<meta property=\"og:site_name\" content=\"English\" \/>\n<meta property=\"article:modified_time\" content=\"2024-07-04T14:50:30+00:00\" \/>\n<meta property=\"og:image\" content=\"https:\/\/karmapa-education.org\/wp-content\/uploads\/Complete-Masterplan_without-text-389x400.jpg\" \/>\n<meta name=\"twitter:card\" content=\"summary_large_image\" \/>\n<meta name=\"twitter:label1\" content=\"Gesch\u00e4tzte Lesezeit\" \/>\n\t<meta name=\"twitter:data1\" content=\"3\u00a0Minuten\" \/>\n<script type=\"application\/ld+json\" class=\"yoast-schema-graph\">{\"@context\":\"https:\\\/\\\/schema.org\",\"@graph\":[{\"@type\":\"WebPage\",\"@id\":\"https:\\\/\\\/karmapa-education.org\\\/about-kce\\\/facilities\\\/\",\"url\":\"https:\\\/\\\/karmapa-education.org\\\/about-kce\\\/facilities\\\/\",\"name\":\"Das Gesamtkonzept - English\",\"isPartOf\":{\"@id\":\"https:\\\/\\\/karmapa-education.org\\\/#website\"},\"primaryImageOfPage\":{\"@id\":\"https:\\\/\\\/karmapa-education.org\\\/about-kce\\\/facilities\\\/#primaryimage\"},\"image\":{\"@id\":\"https:\\\/\\\/karmapa-education.org\\\/about-kce\\\/facilities\\\/#primaryimage\"},\"thumbnailUrl\":\"https:\\\/\\\/karmapa-education.org\\\/wp-content\\\/uploads\\\/Complete-Masterplan_without-text-389x400.jpg\",\"datePublished\":\"2016-06-17T14:14:41+00:00\",\"dateModified\":\"2024-07-04T14:50:30+00:00\",\"breadcrumb\":{\"@id\":\"https:\\\/\\\/karmapa-education.org\\\/about-kce\\\/facilities\\\/#breadcrumb\"},\"inLanguage\":\"de\",\"potentialAction\":[{\"@type\":\"ReadAction\",\"target\":[\"https:\\\/\\\/karmapa-education.org\\\/about-kce\\\/facilities\\\/\"]}]},{\"@type\":\"ImageObject\",\"inLanguage\":\"de\",\"@id\":\"https:\\\/\\\/karmapa-education.org\\\/about-kce\\\/facilities\\\/#primaryimage\",\"url\":\"https:\\\/\\\/karmapa-education.org\\\/wp-content\\\/uploads\\\/Complete-Masterplan_without-text-389x400.jpg\",\"contentUrl\":\"https:\\\/\\\/karmapa-education.org\\\/wp-content\\\/uploads\\\/Complete-Masterplan_without-text-389x400.jpg\"},{\"@type\":\"BreadcrumbList\",\"@id\":\"https:\\\/\\\/karmapa-education.org\\\/about-kce\\\/facilities\\\/#breadcrumb\",\"itemListElement\":[{\"@type\":\"ListItem\",\"position\":1,\"name\":\"Startseite\",\"item\":\"https:\\\/\\\/karmapa-education.org\\\/\"},{\"@type\":\"ListItem\",\"position\":2,\"name\":\"About KCE\",\"item\":\"https:\\\/\\\/karmapa-education.org\\\/about-kce\\\/\"},{\"@type\":\"ListItem\",\"position\":3,\"name\":\"Facilities\"}]},{\"@type\":\"WebSite\",\"@id\":\"https:\\\/\\\/karmapa-education.org\\\/#website\",\"url\":\"https:\\\/\\\/karmapa-education.org\\\/\",\"name\":\"English\",\"description\":\"English\",\"potentialAction\":[{\"@type\":\"SearchAction\",\"target\":{\"@type\":\"EntryPoint\",\"urlTemplate\":\"https:\\\/\\\/karmapa-education.org\\\/?s={search_term_string}\"},\"query-input\":{\"@type\":\"PropertyValueSpecification\",\"valueRequired\":true,\"valueName\":\"search_term_string\"}}],\"inLanguage\":\"de\"}]}<\/script>\n<!-- \/ Yoast SEO plugin. -->","yoast_head_json":{"title":"Das Gesamtkonzept - English","robots":{"index":"index","follow":"follow","max-snippet":"max-snippet:-1","max-image-preview":"max-image-preview:large","max-video-preview":"max-video-preview:-1"},"canonical":"https:\/\/karmapa-education.org\/about-kce\/facilities\/","og_locale":"de_DE","og_type":"article","og_title":"Das Gesamtkonzept - English","og_url":"https:\/\/karmapa-education.org\/about-kce\/facilities\/","og_site_name":"English","article_modified_time":"2024-07-04T14:50:30+00:00","og_image":[{"url":"https:\/\/karmapa-education.org\/wp-content\/uploads\/Complete-Masterplan_without-text-389x400.jpg","type":"","width":"","height":""}],"twitter_card":"summary_large_image","twitter_misc":{"Gesch\u00e4tzte Lesezeit":"3\u00a0Minuten"},"schema":{"@context":"https:\/\/schema.org","@graph":[{"@type":"WebPage","@id":"https:\/\/karmapa-education.org\/about-kce\/facilities\/","url":"https:\/\/karmapa-education.org\/about-kce\/facilities\/","name":"Das Gesamtkonzept - English","isPartOf":{"@id":"https:\/\/karmapa-education.org\/#website"},"primaryImageOfPage":{"@id":"https:\/\/karmapa-education.org\/about-kce\/facilities\/#primaryimage"},"image":{"@id":"https:\/\/karmapa-education.org\/about-kce\/facilities\/#primaryimage"},"thumbnailUrl":"https:\/\/karmapa-education.org\/wp-content\/uploads\/Complete-Masterplan_without-text-389x400.jpg","datePublished":"2016-06-17T14:14:41+00:00","dateModified":"2024-07-04T14:50:30+00:00","breadcrumb":{"@id":"https:\/\/karmapa-education.org\/about-kce\/facilities\/#breadcrumb"},"inLanguage":"de","potentialAction":[{"@type":"ReadAction","target":["https:\/\/karmapa-education.org\/about-kce\/facilities\/"]}]},{"@type":"ImageObject","inLanguage":"de","@id":"https:\/\/karmapa-education.org\/about-kce\/facilities\/#primaryimage","url":"https:\/\/karmapa-education.org\/wp-content\/uploads\/Complete-Masterplan_without-text-389x400.jpg","contentUrl":"https:\/\/karmapa-education.org\/wp-content\/uploads\/Complete-Masterplan_without-text-389x400.jpg"},{"@type":"BreadcrumbList","@id":"https:\/\/karmapa-education.org\/about-kce\/facilities\/#breadcrumb","itemListElement":[{"@type":"ListItem","position":1,"name":"Startseite","item":"https:\/\/karmapa-education.org\/"},{"@type":"ListItem","position":2,"name":"About KCE","item":"https:\/\/karmapa-education.org\/about-kce\/"},{"@type":"ListItem","position":3,"name":"Facilities"}]},{"@type":"WebSite","@id":"https:\/\/karmapa-education.org\/#website","url":"https:\/\/karmapa-education.org\/","name":"English","description":"English","potentialAction":[{"@type":"SearchAction","target":{"@type":"EntryPoint","urlTemplate":"https:\/\/karmapa-education.org\/?s={search_term_string}"},"query-input":{"@type":"PropertyValueSpecification","valueRequired":true,"valueName":"search_term_string"}}],"inLanguage":"de"}]}},"_links":{"self":[{"href":"https:\/\/karmapa-education.org\/de\/wp-json\/wp\/v2\/pages\/459","targetHints":{"allow":["GET"]}}],"collection":[{"href":"https:\/\/karmapa-education.org\/de\/wp-json\/wp\/v2\/pages"}],"about":[{"href":"https:\/\/karmapa-education.org\/de\/wp-json\/wp\/v2\/types\/page"}],"author":[{"embeddable":true,"href":"https:\/\/karmapa-education.org\/de\/wp-json\/wp\/v2\/users\/1"}],"replies":[{"embeddable":true,"href":"https:\/\/karmapa-education.org\/de\/wp-json\/wp\/v2\/comments?post=459"}],"version-history":[{"count":82,"href":"https:\/\/karmapa-education.org\/de\/wp-json\/wp\/v2\/pages\/459\/revisions"}],"predecessor-version":[{"id":16137,"href":"https:\/\/karmapa-education.org\/de\/wp-json\/wp\/v2\/pages\/459\/revisions\/16137"}],"up":[{"embeddable":true,"href":"https:\/\/karmapa-education.org\/de\/wp-json\/wp\/v2\/pages\/398"}],"wp:attachment":[{"href":"https:\/\/karmapa-education.org\/de\/wp-json\/wp\/v2\/media?parent=459"}],"curies":[{"name":"wp","href":"https:\/\/api.w.org\/{rel}","templated":true}]}}