{"id":7,"date":"2014-03-07T12:02:40","date_gmt":"2014-03-07T12:02:40","guid":{"rendered":"http:\/\/www.sabassociation.org\/testsite\/home\/"},"modified":"2024-07-05T10:02:32","modified_gmt":"2024-07-05T10:02:32","slug":"home","status":"publish","type":"page","link":"https:\/\/karmapa-education.org\/de\/","title":{"rendered":"Home"},"content":{"rendered":"<h1 style=\"margin-top: 216px;\"><span style=\"color: #ffffff;\">Karmapa Center of Education<br \/>\n<\/span><\/h1>\n<p>Die Vision f\u00fcr das KCE ist eine Umgebung zu schaffen, die alle materiellen und spirituellen Grundlagen bietet, welche die nat\u00fcrliche Neugier junger Menschen f\u00f6rdert, alle Arten von Wissen zu entdecken und sie f\u00fcr die zeitlosen Werte von Weisheit und Mitgef\u00fchl zu inspirieren.<\/p>\n","protected":false},"excerpt":{"rendered":"<p>Karmapa Center of Education Die Vision f\u00fcr das KCE ist eine Umgebung zu schaffen, die alle materiellen und spirituellen Grundlagen bietet, welche die nat\u00fcrliche Neugier junger Menschen f\u00f6rdert, alle Arten von Wissen zu entdecken und sie f\u00fcr die zeitlosen Werte von Weisheit und Mitgef\u00fchl zu inspirieren.<\/p>\n","protected":false},"author":3,"featured_media":0,"parent":0,"menu_order":1,"comment_status":"closed","ping_status":"closed","template":"","meta":{"_acf_changed":false,"footnotes":""},"class_list":["post-7","page","type-page","status-publish","hentry"],"translation":{"provider":"WPGlobus","version":"3.0.2","language":"de","enabled_languages":["en","de"],"languages":{"en":{"title":true,"content":true,"excerpt":false},"de":{"title":false,"content":true,"excerpt":false}}},"acf":[],"yoast_head":"<!-- This site is optimized with the Yoast SEO plugin v27.3 - https:\/\/yoast.com\/product\/yoast-seo-wordpress\/ -->\n<title>Home - English<\/title>\n<meta name=\"robots\" content=\"index, follow, max-snippet:-1, max-image-preview:large, max-video-preview:-1\" \/>\n<link rel=\"canonical\" href=\"https:\/\/karmapa-education.org\/\" \/>\n<meta property=\"og:locale\" content=\"de_DE\" \/>\n<meta property=\"og:type\" content=\"article\" \/>\n<meta property=\"og:title\" content=\"Home - English\" \/>\n<meta property=\"og:url\" content=\"https:\/\/karmapa-education.org\/\" \/>\n<meta property=\"og:site_name\" content=\"English\" \/>\n<meta property=\"article:modified_time\" content=\"2024-07-05T10:02:32+00:00\" \/>\n<meta name=\"twitter:card\" content=\"summary_large_image\" \/>\n<meta name=\"twitter:label1\" content=\"Gesch\u00e4tzte Lesezeit\" \/>\n\t<meta name=\"twitter:data1\" content=\"1\u00a0Minute\" \/>\n<script type=\"application\/ld+json\" class=\"yoast-schema-graph\">{\"@context\":\"https:\\\/\\\/schema.org\",\"@graph\":[{\"@type\":\"WebPage\",\"@id\":\"https:\\\/\\\/karmapa-education.org\\\/\",\"url\":\"https:\\\/\\\/karmapa-education.org\\\/\",\"name\":\"Home - English\",\"isPartOf\":{\"@id\":\"https:\\\/\\\/karmapa-education.org\\\/#website\"},\"datePublished\":\"2014-03-07T12:02:40+00:00\",\"dateModified\":\"2024-07-05T10:02:32+00:00\",\"breadcrumb\":{\"@id\":\"https:\\\/\\\/karmapa-education.org\\\/#breadcrumb\"},\"inLanguage\":\"de\",\"potentialAction\":[{\"@type\":\"ReadAction\",\"target\":[\"https:\\\/\\\/karmapa-education.org\\\/\"]}]},{\"@type\":\"BreadcrumbList\",\"@id\":\"https:\\\/\\\/karmapa-education.org\\\/#breadcrumb\",\"itemListElement\":[{\"@type\":\"ListItem\",\"position\":1,\"name\":\"Startseite\",\"item\":\"https:\\\/\\\/karmapa-education.org\\\/\"},{\"@type\":\"ListItem\",\"position\":2,\"name\":\"Home\"}]},{\"@type\":\"WebSite\",\"@id\":\"https:\\\/\\\/karmapa-education.org\\\/#website\",\"url\":\"https:\\\/\\\/karmapa-education.org\\\/\",\"name\":\"English\",\"description\":\"English\",\"potentialAction\":[{\"@type\":\"SearchAction\",\"target\":{\"@type\":\"EntryPoint\",\"urlTemplate\":\"https:\\\/\\\/karmapa-education.org\\\/?s={search_term_string}\"},\"query-input\":{\"@type\":\"PropertyValueSpecification\",\"valueRequired\":true,\"valueName\":\"search_term_string\"}}],\"inLanguage\":\"de\"}]}<\/script>\n<!-- \/ Yoast SEO plugin. -->","yoast_head_json":{"title":"Home - English","robots":{"index":"index","follow":"follow","max-snippet":"max-snippet:-1","max-image-preview":"max-image-preview:large","max-video-preview":"max-video-preview:-1"},"canonical":"https:\/\/karmapa-education.org\/","og_locale":"de_DE","og_type":"article","og_title":"Home - English","og_url":"https:\/\/karmapa-education.org\/","og_site_name":"English","article_modified_time":"2024-07-05T10:02:32+00:00","twitter_card":"summary_large_image","twitter_misc":{"Gesch\u00e4tzte Lesezeit":"1\u00a0Minute"},"schema":{"@context":"https:\/\/schema.org","@graph":[{"@type":"WebPage","@id":"https:\/\/karmapa-education.org\/","url":"https:\/\/karmapa-education.org\/","name":"Home - English","isPartOf":{"@id":"https:\/\/karmapa-education.org\/#website"},"datePublished":"2014-03-07T12:02:40+00:00","dateModified":"2024-07-05T10:02:32+00:00","breadcrumb":{"@id":"https:\/\/karmapa-education.org\/#breadcrumb"},"inLanguage":"de","potentialAction":[{"@type":"ReadAction","target":["https:\/\/karmapa-education.org\/"]}]},{"@type":"BreadcrumbList","@id":"https:\/\/karmapa-education.org\/#breadcrumb","itemListElement":[{"@type":"ListItem","position":1,"name":"Startseite","item":"https:\/\/karmapa-education.org\/"},{"@type":"ListItem","position":2,"name":"Home"}]},{"@type":"WebSite","@id":"https:\/\/karmapa-education.org\/#website","url":"https:\/\/karmapa-education.org\/","name":"English","description":"English","potentialAction":[{"@type":"SearchAction","target":{"@type":"EntryPoint","urlTemplate":"https:\/\/karmapa-education.org\/?s={search_term_string}"},"query-input":{"@type":"PropertyValueSpecification","valueRequired":true,"valueName":"search_term_string"}}],"inLanguage":"de"}]}},"_links":{"self":[{"href":"https:\/\/karmapa-education.org\/de\/wp-json\/wp\/v2\/pages\/7","targetHints":{"allow":["GET"]}}],"collection":[{"href":"https:\/\/karmapa-education.org\/de\/wp-json\/wp\/v2\/pages"}],"about":[{"href":"https:\/\/karmapa-education.org\/de\/wp-json\/wp\/v2\/types\/page"}],"author":[{"embeddable":true,"href":"https:\/\/karmapa-education.org\/de\/wp-json\/wp\/v2\/users\/3"}],"replies":[{"embeddable":true,"href":"https:\/\/karmapa-education.org\/de\/wp-json\/wp\/v2\/comments?post=7"}],"version-history":[{"count":158,"href":"https:\/\/karmapa-education.org\/de\/wp-json\/wp\/v2\/pages\/7\/revisions"}],"predecessor-version":[{"id":16149,"href":"https:\/\/karmapa-education.org\/de\/wp-json\/wp\/v2\/pages\/7\/revisions\/16149"}],"wp:attachment":[{"href":"https:\/\/karmapa-education.org\/de\/wp-json\/wp\/v2\/media?parent=7"}],"curies":[{"name":"wp","href":"https:\/\/api.w.org\/{rel}","templated":true}]}}